{"id":4773,"date":"2025-05-24T15:23:00","date_gmt":"2025-05-24T15:23:00","guid":{"rendered":"https:\/\/orthodoxblessings.com\/shop\/kutijica-za-brikete-i-tamjan\/"},"modified":"2025-05-24T15:23:00","modified_gmt":"2025-05-24T15:23:00","slug":"kutijica-za-brikete-i-tamjan","status":"publish","type":"product","link":"https:\/\/orthodoxblessings.com\/sr\/shop\/kutijica-za-brikete-i-tamjan\/","title":{"rendered":"Kutijica za brikete i tamjan"},"content":{"rendered":"<p>\u010cvrsta i elegantna kutijica za brikete, dizajnirana tako da omogu\u0107i jednostavno \u010duvanje i upotrebu. Savr\u0161ena za ku\u0107ne i crkvene molitvene prostore.<\/p>\n","protected":false},"excerpt":{"rendered":"<p>\u010cvrsta i elegantna kutijica za brikete, dizajnirana tako da omogu\u0107i jednostavno \u010duvanje i upotrebu. Savr\u0161ena za ku\u0107ne i crkvene molitvene prostore.<\/p>\n","protected":false},"featured_media":3553,"template":"","meta":{"give_campaign_id":0},"product_brand":[],"product_cat":[312],"product_tag":[],"class_list":{"0":"post-4773","1":"product","2":"type-product","3":"status-publish","4":"has-post-thumbnail","6":"product_cat-kutijice-za-tamjan-i-brikete","8":"first","9":"instock","10":"shipping-taxable","11":"purchasable","12":"product-type-variable","13":"rtwpvg-product"},"_links":{"self":[{"href":"https:\/\/orthodoxblessings.com\/sr\/wp-json\/wp\/v2\/product\/4773","targetHints":{"allow":["GET"]}}],"collection":[{"href":"https:\/\/orthodoxblessings.com\/sr\/wp-json\/wp\/v2\/product"}],"about":[{"href":"https:\/\/orthodoxblessings.com\/sr\/wp-json\/wp\/v2\/types\/product"}],"wp:featuredmedia":[{"embeddable":true,"href":"https:\/\/orthodoxblessings.com\/sr\/wp-json\/wp\/v2\/media\/3553"}],"wp:attachment":[{"href":"https:\/\/orthodoxblessings.com\/sr\/wp-json\/wp\/v2\/media?parent=4773"}],"wp:term":[{"taxonomy":"product_brand","embeddable":true,"href":"https:\/\/orthodoxblessings.com\/sr\/wp-json\/wp\/v2\/product_brand?post=4773"},{"taxonomy":"product_cat","embeddable":true,"href":"https:\/\/orthodoxblessings.com\/sr\/wp-json\/wp\/v2\/product_cat?post=4773"},{"taxonomy":"product_tag","embeddable":true,"href":"https:\/\/orthodoxblessings.com\/sr\/wp-json\/wp\/v2\/product_tag?post=4773"}],"curies":[{"name":"wp","href":"https:\/\/api.w.org\/{rel}","templated":true}]}}