{"id":4758,"date":"2025-05-25T08:28:14","date_gmt":"2025-05-25T08:28:14","guid":{"rendered":"https:\/\/orthodoxblessings.com\/shop\/velika-keramicka-kadionica-sa-krstom-bez-braon-boje\/"},"modified":"2025-05-25T08:28:14","modified_gmt":"2025-05-25T08:28:14","slug":"velika-keramicka-kadionica-sa-krstom-bez-braon-boje","status":"publish","type":"product","link":"https:\/\/orthodoxblessings.com\/sr\/shop\/velika-keramicka-kadionica-sa-krstom-bez-braon-boje\/","title":{"rendered":"Velika kerami\u010dka kadionica sa krstom Be\u017e \/ Braon boje"},"content":{"rendered":"<p>Kadionica je posuda koja se koristi u verskim obredima za sagorevanje mirisnih smola i biljaka, stvaraju\u0107i dim koji doprinosi atmosferi molitve. Kerami\u010dka glasirana kadionica je napravljena od keramike i za\u0161ti\u0107ena staklenom prevkom koja joj daje glatku i sjajnu povr\u0161inu. Ove kadionice mogu biti u razli\u010ditim bojama i ukra\u0161ene verskim motivima<\/p>\n","protected":false},"excerpt":{"rendered":"<p>Kadionica je posuda koja se koristi u verskim obredima za sagorevanje mirisnih smola i biljaka, stvaraju\u0107i dim koji doprinosi atmosferi molitve. Kerami\u010dka glasirana kadionica je napravljena od keramike i za\u0161ti\u0107ena staklenom prevkom koja joj daje glatku i sjajnu povr\u0161inu. Ove kadionice mogu biti u razli\u010ditim bojama i ukra\u0161ene verskim motivima<\/p>\n","protected":false},"featured_media":0,"template":"","meta":{"give_campaign_id":0},"product_brand":[],"product_cat":[352],"product_tag":[],"class_list":{"0":"post-4758","1":"product","2":"type-product","3":"status-publish","5":"product_cat-rucno-radene-kadionice","7":"first","8":"outofstock","9":"purchasable","10":"product-type-simple"},"_links":{"self":[{"href":"https:\/\/orthodoxblessings.com\/sr\/wp-json\/wp\/v2\/product\/4758","targetHints":{"allow":["GET"]}}],"collection":[{"href":"https:\/\/orthodoxblessings.com\/sr\/wp-json\/wp\/v2\/product"}],"about":[{"href":"https:\/\/orthodoxblessings.com\/sr\/wp-json\/wp\/v2\/types\/product"}],"wp:attachment":[{"href":"https:\/\/orthodoxblessings.com\/sr\/wp-json\/wp\/v2\/media?parent=4758"}],"wp:term":[{"taxonomy":"product_brand","embeddable":true,"href":"https:\/\/orthodoxblessings.com\/sr\/wp-json\/wp\/v2\/product_brand?post=4758"},{"taxonomy":"product_cat","embeddable":true,"href":"https:\/\/orthodoxblessings.com\/sr\/wp-json\/wp\/v2\/product_cat?post=4758"},{"taxonomy":"product_tag","embeddable":true,"href":"https:\/\/orthodoxblessings.com\/sr\/wp-json\/wp\/v2\/product_tag?post=4758"}],"curies":[{"name":"wp","href":"https:\/\/api.w.org\/{rel}","templated":true}]}}