{"id":4757,"date":"2025-05-25T08:28:14","date_gmt":"2025-05-25T08:28:14","guid":{"rendered":"https:\/\/orthodoxblessings.com\/shop\/kadionica-keramicka-glazirana-sa-plavim-sarama\/"},"modified":"2025-05-25T08:28:14","modified_gmt":"2025-05-25T08:28:14","slug":"kadionica-keramicka-glazirana-sa-plavim-sarama","status":"publish","type":"product","link":"https:\/\/orthodoxblessings.com\/sr\/shop\/kadionica-keramicka-glazirana-sa-plavim-sarama\/","title":{"rendered":"Kadionica kerami\u010dka &#8211; glazirana sa plavim \u0161arama"},"content":{"rendered":"<p>Kadionica je posuda koja se koristi u verskim obredima za sagorevanje mirisnih smola i biljaka, stvaraju\u0107i dim i miris koji doprinose atmosferi molitve. Kerami\u010dka glasirana kadionica je jedan od tipova koji se koriste, napravljena od keramike i za\u0161ti\u0107ena staklenom prevkom koja joj daje glatku i sjajnu povr\u0161inu. <\/p>\n","protected":false},"excerpt":{"rendered":"<p>Kadionica je posuda koja se koristi u verskim obredima za sagorevanje mirisnih smola i biljaka, stvaraju\u0107i dim i miris koji doprinose atmosferi molitve. Kerami\u010dka glasirana kadionica je jedan od tipova koji se koriste, napravljena od keramike i za\u0161ti\u0107ena staklenom prevkom koja joj daje glatku i sjajnu povr\u0161inu.<\/p>\n","protected":false},"featured_media":3609,"template":"","meta":{"give_campaign_id":0},"product_brand":[],"product_cat":[352],"product_tag":[],"class_list":{"0":"post-4757","1":"product","2":"type-product","3":"status-publish","4":"has-post-thumbnail","6":"product_cat-rucno-radene-kadionice","8":"first","9":"instock","10":"purchasable","11":"product-type-simple"},"_links":{"self":[{"href":"https:\/\/orthodoxblessings.com\/sr\/wp-json\/wp\/v2\/product\/4757","targetHints":{"allow":["GET"]}}],"collection":[{"href":"https:\/\/orthodoxblessings.com\/sr\/wp-json\/wp\/v2\/product"}],"about":[{"href":"https:\/\/orthodoxblessings.com\/sr\/wp-json\/wp\/v2\/types\/product"}],"wp:featuredmedia":[{"embeddable":true,"href":"https:\/\/orthodoxblessings.com\/sr\/wp-json\/wp\/v2\/media\/3609"}],"wp:attachment":[{"href":"https:\/\/orthodoxblessings.com\/sr\/wp-json\/wp\/v2\/media?parent=4757"}],"wp:term":[{"taxonomy":"product_brand","embeddable":true,"href":"https:\/\/orthodoxblessings.com\/sr\/wp-json\/wp\/v2\/product_brand?post=4757"},{"taxonomy":"product_cat","embeddable":true,"href":"https:\/\/orthodoxblessings.com\/sr\/wp-json\/wp\/v2\/product_cat?post=4757"},{"taxonomy":"product_tag","embeddable":true,"href":"https:\/\/orthodoxblessings.com\/sr\/wp-json\/wp\/v2\/product_tag?post=4757"}],"curies":[{"name":"wp","href":"https:\/\/api.w.org\/{rel}","templated":true}]}}