{"id":4756,"date":"2025-05-25T08:28:14","date_gmt":"2025-05-25T08:28:14","guid":{"rendered":"https:\/\/orthodoxblessings.com\/shop\/velika-keramicka-kadionica-sa-krstom-tamno-braon-boje\/"},"modified":"2025-12-11T12:36:55","modified_gmt":"2025-12-11T12:36:55","slug":"keramicka-kadionica-braon-boje","status":"publish","type":"product","link":"https:\/\/orthodoxblessings.com\/sr\/shop\/keramicka-kadionica-braon-boje\/","title":{"rendered":"Kerami\u010dka kadionica braon boje"},"content":{"rendered":"<p>Kerami\u010dka kadionica tamno braon boje, izra\u0111ena je od visokokvalitetne keramike i glazirana za\u0161titnom staklenom prevlakom koja osigurava glatku i sjajnu povr\u0161inu. Njen dizajn sa simbolom krsta \u010dini je duboko duhovnim predmetom. Tamno braon boja dodaje eleganciju i tradicionalni izgled, \u0161to \u010dini ovu kadionicu savr\u0161enim izborom za ukras i upotrebu u bilo kom verskom prostoru.<\/p>\n","protected":false},"excerpt":{"rendered":"<p>Kerami\u010dka kadionica tamno braon boje, izra\u0111ena je od visokokvalitetne keramike i glazirana za\u0161titnom staklenom prevlakom koja osigurava glatku i sjajnu povr\u0161inu. Njen dizajn sa simbolom krsta \u010dini je duboko duhovnim predmetom. Tamno braon boja dodaje eleganciju i tradicionalni izgled, \u0161to \u010dini ovu kadionicu savr\u0161enim izborom za ukras i upotrebu u bilo kom verskom prostoru.<\/p>\n","protected":false},"featured_media":7252,"template":"","meta":{"give_campaign_id":0},"product_brand":[],"product_cat":[352],"product_tag":[],"class_list":{"0":"post-4756","1":"product","2":"type-product","3":"status-publish","4":"has-post-thumbnail","6":"product_cat-rucno-radene-kadionice","8":"first","9":"instock","10":"purchasable","11":"product-type-simple"},"_links":{"self":[{"href":"https:\/\/orthodoxblessings.com\/sr\/wp-json\/wp\/v2\/product\/4756","targetHints":{"allow":["GET"]}}],"collection":[{"href":"https:\/\/orthodoxblessings.com\/sr\/wp-json\/wp\/v2\/product"}],"about":[{"href":"https:\/\/orthodoxblessings.com\/sr\/wp-json\/wp\/v2\/types\/product"}],"wp:featuredmedia":[{"embeddable":true,"href":"https:\/\/orthodoxblessings.com\/sr\/wp-json\/wp\/v2\/media\/7252"}],"wp:attachment":[{"href":"https:\/\/orthodoxblessings.com\/sr\/wp-json\/wp\/v2\/media?parent=4756"}],"wp:term":[{"taxonomy":"product_brand","embeddable":true,"href":"https:\/\/orthodoxblessings.com\/sr\/wp-json\/wp\/v2\/product_brand?post=4756"},{"taxonomy":"product_cat","embeddable":true,"href":"https:\/\/orthodoxblessings.com\/sr\/wp-json\/wp\/v2\/product_cat?post=4756"},{"taxonomy":"product_tag","embeddable":true,"href":"https:\/\/orthodoxblessings.com\/sr\/wp-json\/wp\/v2\/product_tag?post=4756"}],"curies":[{"name":"wp","href":"https:\/\/api.w.org\/{rel}","templated":true}]}}