{"id":4755,"date":"2025-05-25T08:28:14","date_gmt":"2025-05-25T08:28:14","guid":{"rendered":"https:\/\/orthodoxblessings.com\/shop\/srednja-keramicka-kadionica-mis-sive-boje\/"},"modified":"2025-05-25T08:28:14","modified_gmt":"2025-05-25T08:28:14","slug":"srednja-keramicka-kadionica-mis-sive-boje","status":"publish","type":"product","link":"https:\/\/orthodoxblessings.com\/sr\/shop\/srednja-keramicka-kadionica-mis-sive-boje\/","title":{"rendered":"Srednja kerami\u010dka kadionica mi\u0161 sive boje"},"content":{"rendered":"<p>Srednja kerami\u010dka kadionica, svetlo sive boje, izra\u0111ena je od kvalitetne keramike i glazirana za\u0161titnom staklenom prevlakom, koja joj daje glatku i sjajnu povr\u0161inu. Njen elegantan i jednostavan dizajn u sivoj boji \u010dini je prikladnom za svaki verski prostor.<\/p>\n","protected":false},"excerpt":{"rendered":"<p>Srednja kerami\u010dka kadionica, svetlo sive boje, izra\u0111ena je od kvalitetne keramike i glazirana za\u0161titnom staklenom prevlakom, koja joj daje glatku i sjajnu povr\u0161inu. Njen elegantan i jednostavan dizajn u sivoj boji \u010dini je prikladnom za svaki verski prostor.<\/p>\n","protected":false},"featured_media":0,"template":"","meta":{"give_campaign_id":0},"product_brand":[],"product_cat":[352],"product_tag":[],"class_list":{"0":"post-4755","1":"product","2":"type-product","3":"status-publish","5":"product_cat-rucno-radene-kadionice","7":"first","8":"outofstock","9":"purchasable","10":"product-type-simple"},"_links":{"self":[{"href":"https:\/\/orthodoxblessings.com\/sr\/wp-json\/wp\/v2\/product\/4755","targetHints":{"allow":["GET"]}}],"collection":[{"href":"https:\/\/orthodoxblessings.com\/sr\/wp-json\/wp\/v2\/product"}],"about":[{"href":"https:\/\/orthodoxblessings.com\/sr\/wp-json\/wp\/v2\/types\/product"}],"wp:attachment":[{"href":"https:\/\/orthodoxblessings.com\/sr\/wp-json\/wp\/v2\/media?parent=4755"}],"wp:term":[{"taxonomy":"product_brand","embeddable":true,"href":"https:\/\/orthodoxblessings.com\/sr\/wp-json\/wp\/v2\/product_brand?post=4755"},{"taxonomy":"product_cat","embeddable":true,"href":"https:\/\/orthodoxblessings.com\/sr\/wp-json\/wp\/v2\/product_cat?post=4755"},{"taxonomy":"product_tag","embeddable":true,"href":"https:\/\/orthodoxblessings.com\/sr\/wp-json\/wp\/v2\/product_tag?post=4755"}],"curies":[{"name":"wp","href":"https:\/\/api.w.org\/{rel}","templated":true}]}}