{"id":4754,"date":"2025-05-25T08:28:14","date_gmt":"2025-05-25T08:28:14","guid":{"rendered":"https:\/\/orthodoxblessings.com\/shop\/velika-keramicka-kadionica-sa-pozlatom-zelena\/"},"modified":"2025-05-25T08:28:14","modified_gmt":"2025-05-25T08:28:14","slug":"velika-keramicka-kadionica-sa-pozlatom-zelena","status":"publish","type":"product","link":"https:\/\/orthodoxblessings.com\/sr\/shop\/velika-keramicka-kadionica-sa-pozlatom-zelena\/","title":{"rendered":"Velika kerami\u010dka kadionica sa pozlatom zelena"},"content":{"rendered":"<p>Velika kerami\u010dka kadionica sa pozlatom i zelenom bojom predstavlja luksuzan i duhovni predmet koji dodaje eleganciju svakom prostoru. Izra\u0111ena od kvalitetne keramike i ukra\u0161ena pozlatom, ova kadionica kombinuje tradicionalni dizajn sa modernim elementima. Njena zelena boja, u kombinaciji sa pozlatom, stvara vizuelno privla\u010dan izgled koji privla\u010di pa\u017enju i stvara atmosferu mira i molitve u verskim obredima.<\/p>\n","protected":false},"excerpt":{"rendered":"<p>Velika kerami\u010dka kadionica sa pozlatom i zelenom bojom predstavlja luksuzan i duhovni predmet koji dodaje eleganciju svakom prostoru. Izra\u0111ena od kvalitetne keramike i ukra\u0161ena pozlatom, ova kadionica kombinuje tradicionalni dizajn sa modernim elementima. Njena zelena boja, u kombinaciji sa pozlatom, stvara vizuelno privla\u010dan izgled koji privla\u010di pa\u017enju i stvara atmosferu mira i molitve u verskim [&hellip;]<\/p>\n","protected":false},"featured_media":0,"template":"","meta":{"give_campaign_id":0},"product_brand":[],"product_cat":[352],"product_tag":[],"class_list":{"0":"post-4754","1":"product","2":"type-product","3":"status-publish","5":"product_cat-rucno-radene-kadionice","7":"first","8":"outofstock","9":"purchasable","10":"product-type-simple"},"_links":{"self":[{"href":"https:\/\/orthodoxblessings.com\/sr\/wp-json\/wp\/v2\/product\/4754","targetHints":{"allow":["GET"]}}],"collection":[{"href":"https:\/\/orthodoxblessings.com\/sr\/wp-json\/wp\/v2\/product"}],"about":[{"href":"https:\/\/orthodoxblessings.com\/sr\/wp-json\/wp\/v2\/types\/product"}],"wp:attachment":[{"href":"https:\/\/orthodoxblessings.com\/sr\/wp-json\/wp\/v2\/media?parent=4754"}],"wp:term":[{"taxonomy":"product_brand","embeddable":true,"href":"https:\/\/orthodoxblessings.com\/sr\/wp-json\/wp\/v2\/product_brand?post=4754"},{"taxonomy":"product_cat","embeddable":true,"href":"https:\/\/orthodoxblessings.com\/sr\/wp-json\/wp\/v2\/product_cat?post=4754"},{"taxonomy":"product_tag","embeddable":true,"href":"https:\/\/orthodoxblessings.com\/sr\/wp-json\/wp\/v2\/product_tag?post=4754"}],"curies":[{"name":"wp","href":"https:\/\/api.w.org\/{rel}","templated":true}]}}