{"id":4753,"date":"2025-05-25T08:28:14","date_gmt":"2025-05-25T08:28:14","guid":{"rendered":"https:\/\/orthodoxblessings.com\/shop\/mala-keramicka-kadionica-braon-dno\/"},"modified":"2025-05-25T08:28:14","modified_gmt":"2025-05-25T08:28:14","slug":"mala-keramicka-kadionica-braon-dno","status":"publish","type":"product","link":"https:\/\/orthodoxblessings.com\/sr\/shop\/mala-keramicka-kadionica-braon-dno\/","title":{"rendered":"Mala kerami\u010dka kadionica Braon dno"},"content":{"rendered":"<p>Mala kerami\u010dka kadionica sa braon dnom idealan je izbor za one koji \u017eele duhovni predmet u skromnom, ali elegantnom dizajnu. Izra\u0111ena od visokokvalitetne keramike, ova kadionica ima glaziranu povr\u0161inu koja osigurava dugove\u010dnost i lako odr\u017eavanje. Njeno braon dno dodaje prirodnu i toplu notu, \u010dine\u0107i je savr\u0161enom za verske obrede ili kao ukras u svakom verskom prostoru.  <\/p>\n","protected":false},"excerpt":{"rendered":"<p>Mala kerami\u010dka kadionica sa braon dnom idealan je izbor za one koji \u017eele duhovni predmet u skromnom, ali elegantnom dizajnu. Izra\u0111ena od visokokvalitetne keramike, ova kadionica ima glaziranu povr\u0161inu koja osigurava dugove\u010dnost i lako odr\u017eavanje. Njeno braon dno dodaje prirodnu i toplu notu, \u010dine\u0107i je savr\u0161enom za verske obrede ili kao ukras u svakom verskom [&hellip;]<\/p>\n","protected":false},"featured_media":3603,"template":"","meta":{"give_campaign_id":0},"product_brand":[],"product_cat":[352],"product_tag":[],"class_list":{"0":"post-4753","1":"product","2":"type-product","3":"status-publish","4":"has-post-thumbnail","6":"product_cat-rucno-radene-kadionice","8":"first","9":"instock","10":"purchasable","11":"product-type-simple"},"_links":{"self":[{"href":"https:\/\/orthodoxblessings.com\/sr\/wp-json\/wp\/v2\/product\/4753","targetHints":{"allow":["GET"]}}],"collection":[{"href":"https:\/\/orthodoxblessings.com\/sr\/wp-json\/wp\/v2\/product"}],"about":[{"href":"https:\/\/orthodoxblessings.com\/sr\/wp-json\/wp\/v2\/types\/product"}],"wp:featuredmedia":[{"embeddable":true,"href":"https:\/\/orthodoxblessings.com\/sr\/wp-json\/wp\/v2\/media\/3603"}],"wp:attachment":[{"href":"https:\/\/orthodoxblessings.com\/sr\/wp-json\/wp\/v2\/media?parent=4753"}],"wp:term":[{"taxonomy":"product_brand","embeddable":true,"href":"https:\/\/orthodoxblessings.com\/sr\/wp-json\/wp\/v2\/product_brand?post=4753"},{"taxonomy":"product_cat","embeddable":true,"href":"https:\/\/orthodoxblessings.com\/sr\/wp-json\/wp\/v2\/product_cat?post=4753"},{"taxonomy":"product_tag","embeddable":true,"href":"https:\/\/orthodoxblessings.com\/sr\/wp-json\/wp\/v2\/product_tag?post=4753"}],"curies":[{"name":"wp","href":"https:\/\/api.w.org\/{rel}","templated":true}]}}