{"id":4751,"date":"2025-05-26T11:00:35","date_gmt":"2025-05-26T11:00:35","guid":{"rendered":"https:\/\/orthodoxblessings.com\/shop\/pravoslavna-rucna-kadionica-metalna-cvetnog-oblika\/"},"modified":"2025-05-26T11:00:35","modified_gmt":"2025-05-26T11:00:35","slug":"pravoslavna-rucna-kadionica-metalna-cvetnog-oblika","status":"publish","type":"product","link":"https:\/\/orthodoxblessings.com\/sr\/shop\/pravoslavna-rucna-kadionica-metalna-cvetnog-oblika\/","title":{"rendered":"Pravoslavna ru\u010dna kadionica \u2013 metalna cvetnog oblika"},"content":{"rendered":"<p>Ova tradicionalna pravoslavna kadonica je idealan izbor za ku\u0107nu ili crkvenu upotrebu. Izra\u0111ena je od kvalitetnog metala sa prelivnom zlatno-zelenkastom zavr\u0161nicom, koja joj daje elegantan izgled.<\/p>\n","protected":false},"excerpt":{"rendered":"<p>Ova tradicionalna pravoslavna kadonica je idealan izbor za ku\u0107nu ili crkvenu upotrebu. Izra\u0111ena je od kvalitetnog metala sa prelivnom zlatno-zelenkastom zavr\u0161nicom, koja joj daje elegantan izgled.<\/p>\n","protected":false},"featured_media":3623,"template":"","meta":{"give_campaign_id":0},"product_brand":[],"product_cat":[351],"product_tag":[],"class_list":{"0":"post-4751","1":"product","2":"type-product","3":"status-publish","4":"has-post-thumbnail","6":"product_cat-kadionice-crkve-svete-petke","8":"first","9":"instock","10":"purchasable","11":"product-type-simple"},"_links":{"self":[{"href":"https:\/\/orthodoxblessings.com\/sr\/wp-json\/wp\/v2\/product\/4751","targetHints":{"allow":["GET"]}}],"collection":[{"href":"https:\/\/orthodoxblessings.com\/sr\/wp-json\/wp\/v2\/product"}],"about":[{"href":"https:\/\/orthodoxblessings.com\/sr\/wp-json\/wp\/v2\/types\/product"}],"wp:featuredmedia":[{"embeddable":true,"href":"https:\/\/orthodoxblessings.com\/sr\/wp-json\/wp\/v2\/media\/3623"}],"wp:attachment":[{"href":"https:\/\/orthodoxblessings.com\/sr\/wp-json\/wp\/v2\/media?parent=4751"}],"wp:term":[{"taxonomy":"product_brand","embeddable":true,"href":"https:\/\/orthodoxblessings.com\/sr\/wp-json\/wp\/v2\/product_brand?post=4751"},{"taxonomy":"product_cat","embeddable":true,"href":"https:\/\/orthodoxblessings.com\/sr\/wp-json\/wp\/v2\/product_cat?post=4751"},{"taxonomy":"product_tag","embeddable":true,"href":"https:\/\/orthodoxblessings.com\/sr\/wp-json\/wp\/v2\/product_tag?post=4751"}],"curies":[{"name":"wp","href":"https:\/\/api.w.org\/{rel}","templated":true}]}}