{"id":4748,"date":"2025-05-26T11:00:35","date_gmt":"2025-05-26T11:00:35","guid":{"rendered":"https:\/\/orthodoxblessings.com\/shop\/ikona-sv-apostol-luka\/"},"modified":"2025-05-26T11:00:35","modified_gmt":"2025-05-26T11:00:35","slug":"ikona-sv-apostol-luka","status":"publish","type":"product","link":"https:\/\/orthodoxblessings.com\/sr\/shop\/ikona-sv-apostol-luka\/","title":{"rendered":"Ikona Sv.Apostol Luka"},"content":{"rendered":"<p>Ikona jednog od \u010detvorice jevan\u0111elista, osniva\u010da hri\u0161\u0107anske ikonografije. Izra\u0111ena sa precizno\u0161\u0107u, namenjena molitvenom prostoru i duhovnoj upotrebi.<\/p>\n","protected":false},"excerpt":{"rendered":"<p>Ikona jednog od \u010detvorice jevan\u0111elista, osniva\u010da hri\u0161\u0107anske ikonografije. Izra\u0111ena sa precizno\u0161\u0107u, namenjena molitvenom prostoru i duhovnoj upotrebi.<\/p>\n","protected":false},"featured_media":3667,"template":"","meta":{"give_campaign_id":0},"product_brand":[],"product_cat":[313],"product_tag":[],"class_list":{"0":"post-4748","1":"product","2":"type-product","3":"status-publish","4":"has-post-thumbnail","6":"product_cat-drvene-ikone","8":"first","9":"instock","10":"purchasable","11":"product-type-simple"},"_links":{"self":[{"href":"https:\/\/orthodoxblessings.com\/sr\/wp-json\/wp\/v2\/product\/4748","targetHints":{"allow":["GET"]}}],"collection":[{"href":"https:\/\/orthodoxblessings.com\/sr\/wp-json\/wp\/v2\/product"}],"about":[{"href":"https:\/\/orthodoxblessings.com\/sr\/wp-json\/wp\/v2\/types\/product"}],"wp:featuredmedia":[{"embeddable":true,"href":"https:\/\/orthodoxblessings.com\/sr\/wp-json\/wp\/v2\/media\/3667"}],"wp:attachment":[{"href":"https:\/\/orthodoxblessings.com\/sr\/wp-json\/wp\/v2\/media?parent=4748"}],"wp:term":[{"taxonomy":"product_brand","embeddable":true,"href":"https:\/\/orthodoxblessings.com\/sr\/wp-json\/wp\/v2\/product_brand?post=4748"},{"taxonomy":"product_cat","embeddable":true,"href":"https:\/\/orthodoxblessings.com\/sr\/wp-json\/wp\/v2\/product_cat?post=4748"},{"taxonomy":"product_tag","embeddable":true,"href":"https:\/\/orthodoxblessings.com\/sr\/wp-json\/wp\/v2\/product_tag?post=4748"}],"curies":[{"name":"wp","href":"https:\/\/api.w.org\/{rel}","templated":true}]}}