{"id":4747,"date":"2025-05-26T11:00:35","date_gmt":"2025-05-26T11:00:35","guid":{"rendered":"https:\/\/orthodoxblessings.com\/shop\/ikona-sv-alimpije-stolpnik-portret\/"},"modified":"2025-05-26T11:00:35","modified_gmt":"2025-05-26T11:00:35","slug":"ikona-sv-alimpije-stolpnik-portret","status":"publish","type":"product","link":"https:\/\/orthodoxblessings.com\/sr\/shop\/ikona-sv-alimpije-stolpnik-portret\/","title":{"rendered":"Ikona Sv.Alimpije Stolpnik &#8211; Portret"},"content":{"rendered":"<p>Ova ikona prikazuje svetitelja poznatog po svojoj veri i podvi\u017eni\u010dkom \u017eivotu. Detaljno oslikana, pogodna za li\u010dnu molitvu ili kao dar. <\/p>\n","protected":false},"excerpt":{"rendered":"<p>Ova ikona prikazuje svetitelja poznatog po svojoj veri i podvi\u017eni\u010dkom \u017eivotu. Detaljno oslikana, pogodna za li\u010dnu molitvu ili kao dar.<\/p>\n","protected":false},"featured_media":9646,"template":"","meta":{"give_campaign_id":0},"product_brand":[],"product_cat":[313],"product_tag":[],"class_list":{"0":"post-4747","1":"product","2":"type-product","3":"status-publish","4":"has-post-thumbnail","6":"product_cat-drvene-ikone","8":"first","9":"instock","10":"purchasable","11":"product-type-simple"},"_links":{"self":[{"href":"https:\/\/orthodoxblessings.com\/sr\/wp-json\/wp\/v2\/product\/4747","targetHints":{"allow":["GET"]}}],"collection":[{"href":"https:\/\/orthodoxblessings.com\/sr\/wp-json\/wp\/v2\/product"}],"about":[{"href":"https:\/\/orthodoxblessings.com\/sr\/wp-json\/wp\/v2\/types\/product"}],"wp:featuredmedia":[{"embeddable":true,"href":"https:\/\/orthodoxblessings.com\/sr\/wp-json\/wp\/v2\/media\/9646"}],"wp:attachment":[{"href":"https:\/\/orthodoxblessings.com\/sr\/wp-json\/wp\/v2\/media?parent=4747"}],"wp:term":[{"taxonomy":"product_brand","embeddable":true,"href":"https:\/\/orthodoxblessings.com\/sr\/wp-json\/wp\/v2\/product_brand?post=4747"},{"taxonomy":"product_cat","embeddable":true,"href":"https:\/\/orthodoxblessings.com\/sr\/wp-json\/wp\/v2\/product_cat?post=4747"},{"taxonomy":"product_tag","embeddable":true,"href":"https:\/\/orthodoxblessings.com\/sr\/wp-json\/wp\/v2\/product_tag?post=4747"}],"curies":[{"name":"wp","href":"https:\/\/api.w.org\/{rel}","templated":true}]}}