{"id":4739,"date":"2025-05-26T11:00:35","date_gmt":"2025-05-26T11:00:35","guid":{"rendered":"https:\/\/orthodoxblessings.com\/shop\/ikona-sv-arhancel-mihajlo-stojeca\/"},"modified":"2025-05-26T11:00:35","modified_gmt":"2025-05-26T11:00:35","slug":"ikona-sv-arhancel-mihajlo-stojeca","status":"publish","type":"product","link":"https:\/\/orthodoxblessings.com\/sr\/shop\/ikona-sv-arhancel-mihajlo-stojeca\/","title":{"rendered":"Ikona Sv. Arhan\u0107el Mihajlo &#8211; Stoje\u0107a"},"content":{"rendered":"<p>Ikona Svetog Arhangela Mihaila predstavlja ovaj sna\u017ean lik kao za\u0161titnika vere i nebeskog vojskovo\u0111u. Izra\u0111ena je od kvalitetnih materijala, sa precizno oslikanim detaljima koji prate pravoslavnu ikonopisnu tradiciju. <\/p>\n","protected":false},"excerpt":{"rendered":"<p>Ikona Svetog Arhangela Mihaila predstavlja ovaj sna\u017ean lik kao za\u0161titnika vere i nebeskog vojskovo\u0111u. Izra\u0111ena je od kvalitetnih materijala, sa precizno oslikanim detaljima koji prate pravoslavnu ikonopisnu tradiciju.<\/p>\n","protected":false},"featured_media":9634,"template":"","meta":{"give_campaign_id":0},"product_brand":[],"product_cat":[313],"product_tag":[],"class_list":{"0":"post-4739","1":"product","2":"type-product","3":"status-publish","4":"has-post-thumbnail","6":"product_cat-drvene-ikone","8":"first","9":"instock","10":"purchasable","11":"product-type-simple"},"_links":{"self":[{"href":"https:\/\/orthodoxblessings.com\/sr\/wp-json\/wp\/v2\/product\/4739","targetHints":{"allow":["GET"]}}],"collection":[{"href":"https:\/\/orthodoxblessings.com\/sr\/wp-json\/wp\/v2\/product"}],"about":[{"href":"https:\/\/orthodoxblessings.com\/sr\/wp-json\/wp\/v2\/types\/product"}],"wp:featuredmedia":[{"embeddable":true,"href":"https:\/\/orthodoxblessings.com\/sr\/wp-json\/wp\/v2\/media\/9634"}],"wp:attachment":[{"href":"https:\/\/orthodoxblessings.com\/sr\/wp-json\/wp\/v2\/media?parent=4739"}],"wp:term":[{"taxonomy":"product_brand","embeddable":true,"href":"https:\/\/orthodoxblessings.com\/sr\/wp-json\/wp\/v2\/product_brand?post=4739"},{"taxonomy":"product_cat","embeddable":true,"href":"https:\/\/orthodoxblessings.com\/sr\/wp-json\/wp\/v2\/product_cat?post=4739"},{"taxonomy":"product_tag","embeddable":true,"href":"https:\/\/orthodoxblessings.com\/sr\/wp-json\/wp\/v2\/product_tag?post=4739"}],"curies":[{"name":"wp","href":"https:\/\/api.w.org\/{rel}","templated":true}]}}