{"id":4736,"date":"2025-05-26T11:00:35","date_gmt":"2025-05-26T11:00:35","guid":{"rendered":"https:\/\/orthodoxblessings.com\/shop\/ikona-sv-simeon-mirotocivi-portret\/"},"modified":"2025-05-26T11:00:35","modified_gmt":"2025-05-26T11:00:35","slug":"ikona-sv-simeon-mirotocivi-portret","status":"publish","type":"product","link":"https:\/\/orthodoxblessings.com\/sr\/shop\/ikona-sv-simeon-mirotocivi-portret\/","title":{"rendered":"Ikona Sv.Simeon Miroto\u010divi &#8211; Portret"},"content":{"rendered":"<p>Ikona Svetog Simeona Miroto\u010divog prikazuje ovaj zna\u010dajan lik srpske istorije u tradicionalnom pravoslavnom stilu. Izra\u0111ena je od kvalitetnih materijala, sa preciznim detaljima koji odra\u017eavaju lik svetitelja. Pogodna je za ku\u0107ne uslove, hramove ili kao prigodan poklon. Njena izrada i dizajn prate kanonske principe, \u010dine\u0107i je duhovno i umetni\u010dki vrednim predmetom.<\/p>\n","protected":false},"excerpt":{"rendered":"<p>Ikona Svetog Simeona Miroto\u010divog prikazuje ovaj zna\u010dajan lik srpske istorije u tradicionalnom pravoslavnom stilu. Izra\u0111ena je od kvalitetnih materijala, sa preciznim detaljima koji odra\u017eavaju lik svetitelja. Pogodna je za ku\u0107ne uslove, hramove ili kao prigodan poklon. Njena izrada i dizajn prate kanonske principe, \u010dine\u0107i je duhovno i umetni\u010dki vrednim predmetom.<\/p>\n","protected":false},"featured_media":3645,"template":"","meta":{"give_campaign_id":0},"product_brand":[],"product_cat":[313],"product_tag":[],"class_list":{"0":"post-4736","1":"product","2":"type-product","3":"status-publish","4":"has-post-thumbnail","6":"product_cat-drvene-ikone","8":"first","9":"instock","10":"purchasable","11":"product-type-simple"},"_links":{"self":[{"href":"https:\/\/orthodoxblessings.com\/sr\/wp-json\/wp\/v2\/product\/4736","targetHints":{"allow":["GET"]}}],"collection":[{"href":"https:\/\/orthodoxblessings.com\/sr\/wp-json\/wp\/v2\/product"}],"about":[{"href":"https:\/\/orthodoxblessings.com\/sr\/wp-json\/wp\/v2\/types\/product"}],"wp:featuredmedia":[{"embeddable":true,"href":"https:\/\/orthodoxblessings.com\/sr\/wp-json\/wp\/v2\/media\/3645"}],"wp:attachment":[{"href":"https:\/\/orthodoxblessings.com\/sr\/wp-json\/wp\/v2\/media?parent=4736"}],"wp:term":[{"taxonomy":"product_brand","embeddable":true,"href":"https:\/\/orthodoxblessings.com\/sr\/wp-json\/wp\/v2\/product_brand?post=4736"},{"taxonomy":"product_cat","embeddable":true,"href":"https:\/\/orthodoxblessings.com\/sr\/wp-json\/wp\/v2\/product_cat?post=4736"},{"taxonomy":"product_tag","embeddable":true,"href":"https:\/\/orthodoxblessings.com\/sr\/wp-json\/wp\/v2\/product_tag?post=4736"}],"curies":[{"name":"wp","href":"https:\/\/api.w.org\/{rel}","templated":true}]}}