{"id":4735,"date":"2025-05-26T11:00:35","date_gmt":"2025-05-26T11:00:35","guid":{"rendered":"https:\/\/orthodoxblessings.com\/shop\/ostroski-tamjan-u-beloj-kutijici\/"},"modified":"2025-05-26T11:00:35","modified_gmt":"2025-05-26T11:00:35","slug":"ostroski-tamjan-u-beloj-kutijici","status":"publish","type":"product","link":"https:\/\/orthodoxblessings.com\/sr\/shop\/ostroski-tamjan-u-beloj-kutijici\/","title":{"rendered":"Ostro\u0161ki tamjan u beloj kutijici"},"content":{"rendered":"<p>Ostro\u0161ki tamjan predstavlja tradicionalni i duhovni proizvod, idealan za verske trenutke i stvaranje mirne atmosfere. Pakovan u elegantnu belu kutijicu, ovaj tamjan ima umiruju\u0107i i bla\u017een miris koji doprinosi dubokom ose\u0107aju duhovne povezanosti i molitve.<\/p>\n","protected":false},"excerpt":{"rendered":"<p>Ostro\u0161ki tamjan predstavlja tradicionalni i duhovni proizvod, idealan za verske trenutke i stvaranje mirne atmosfere. Pakovan u elegantnu belu kutijicu, ovaj tamjan ima umiruju\u0107i i bla\u017een miris koji doprinosi dubokom ose\u0107aju duhovne povezanosti i molitve.<\/p>\n","protected":false},"featured_media":3639,"template":"","meta":{"give_campaign_id":0},"product_brand":[],"product_cat":[331],"product_tag":[],"class_list":{"0":"post-4735","1":"product","2":"type-product","3":"status-publish","4":"has-post-thumbnail","6":"product_cat-tamjan","8":"first","9":"instock","10":"purchasable","11":"product-type-simple"},"_links":{"self":[{"href":"https:\/\/orthodoxblessings.com\/sr\/wp-json\/wp\/v2\/product\/4735","targetHints":{"allow":["GET"]}}],"collection":[{"href":"https:\/\/orthodoxblessings.com\/sr\/wp-json\/wp\/v2\/product"}],"about":[{"href":"https:\/\/orthodoxblessings.com\/sr\/wp-json\/wp\/v2\/types\/product"}],"wp:featuredmedia":[{"embeddable":true,"href":"https:\/\/orthodoxblessings.com\/sr\/wp-json\/wp\/v2\/media\/3639"}],"wp:attachment":[{"href":"https:\/\/orthodoxblessings.com\/sr\/wp-json\/wp\/v2\/media?parent=4735"}],"wp:term":[{"taxonomy":"product_brand","embeddable":true,"href":"https:\/\/orthodoxblessings.com\/sr\/wp-json\/wp\/v2\/product_brand?post=4735"},{"taxonomy":"product_cat","embeddable":true,"href":"https:\/\/orthodoxblessings.com\/sr\/wp-json\/wp\/v2\/product_cat?post=4735"},{"taxonomy":"product_tag","embeddable":true,"href":"https:\/\/orthodoxblessings.com\/sr\/wp-json\/wp\/v2\/product_tag?post=4735"}],"curies":[{"name":"wp","href":"https:\/\/api.w.org\/{rel}","templated":true}]}}