{"id":4733,"date":"2025-05-26T11:00:35","date_gmt":"2025-05-26T11:00:35","guid":{"rendered":"https:\/\/orthodoxblessings.com\/shop\/mesingana-kadionica\/"},"modified":"2025-05-26T11:00:35","modified_gmt":"2025-05-26T11:00:35","slug":"mesingana-kadionica","status":"publish","type":"product","link":"https:\/\/orthodoxblessings.com\/sr\/shop\/mesingana-kadionica\/","title":{"rendered":"Mesingana kadionica"},"content":{"rendered":"<p>Kadionica i \u017ear u njoj simbolizuju na\u0161u \u017earku ljubav prema veri i toplotu na\u0161e hri\u0161\u0107anske du\u0161e. Miris tamjana simbolizuje blagodat Svetoga Duha. Kadionica se upotrebljava prilikom svake molitve.<\/p>\n","protected":false},"excerpt":{"rendered":"<p>Kadionica i \u017ear u njoj simbolizuju na\u0161u \u017earku ljubav prema veri i toplotu na\u0161e hri\u0161\u0107anske du\u0161e. Miris tamjana simbolizuje blagodat Svetoga Duha. Kadionica se upotrebljava prilikom svake molitve.<\/p>\n","protected":false},"featured_media":3635,"template":"","meta":{"give_campaign_id":0},"product_brand":[],"product_cat":[351],"product_tag":[],"class_list":{"0":"post-4733","1":"product","2":"type-product","3":"status-publish","4":"has-post-thumbnail","6":"product_cat-kadionice-crkve-svete-petke","8":"first","9":"instock","10":"purchasable","11":"product-type-simple"},"_links":{"self":[{"href":"https:\/\/orthodoxblessings.com\/sr\/wp-json\/wp\/v2\/product\/4733","targetHints":{"allow":["GET"]}}],"collection":[{"href":"https:\/\/orthodoxblessings.com\/sr\/wp-json\/wp\/v2\/product"}],"about":[{"href":"https:\/\/orthodoxblessings.com\/sr\/wp-json\/wp\/v2\/types\/product"}],"wp:featuredmedia":[{"embeddable":true,"href":"https:\/\/orthodoxblessings.com\/sr\/wp-json\/wp\/v2\/media\/3635"}],"wp:attachment":[{"href":"https:\/\/orthodoxblessings.com\/sr\/wp-json\/wp\/v2\/media?parent=4733"}],"wp:term":[{"taxonomy":"product_brand","embeddable":true,"href":"https:\/\/orthodoxblessings.com\/sr\/wp-json\/wp\/v2\/product_brand?post=4733"},{"taxonomy":"product_cat","embeddable":true,"href":"https:\/\/orthodoxblessings.com\/sr\/wp-json\/wp\/v2\/product_cat?post=4733"},{"taxonomy":"product_tag","embeddable":true,"href":"https:\/\/orthodoxblessings.com\/sr\/wp-json\/wp\/v2\/product_tag?post=4733"}],"curies":[{"name":"wp","href":"https:\/\/api.w.org\/{rel}","templated":true}]}}