{"id":4717,"date":"2025-05-26T11:00:43","date_gmt":"2025-05-26T11:00:43","guid":{"rendered":"https:\/\/orthodoxblessings.com\/shop\/ikona-sv-velikomucenik-pantelejmon\/"},"modified":"2025-05-26T11:00:43","modified_gmt":"2025-05-26T11:00:43","slug":"ikona-sv-velikomucenik-pantelejmon","status":"publish","type":"product","link":"https:\/\/orthodoxblessings.com\/sr\/shop\/ikona-sv-velikomucenik-pantelejmon\/","title":{"rendered":"Ikona Sv. Velikomu\u010denik Pantelejmon"},"content":{"rendered":"<p>Prikaz svetitelja i \u010dudotvorca, za\u0161titnika bolesnih. Pa\u017eljivo oslikana, namenjena vernicima koji se mole za zdravlje i isceljenje. <\/p>\n","protected":false},"excerpt":{"rendered":"<p>Prikaz svetitelja i \u010dudotvorca, za\u0161titnika bolesnih. Pa\u017eljivo oslikana, namenjena vernicima koji se mole za zdravlje i isceljenje.<\/p>\n","protected":false},"featured_media":3685,"template":"","meta":{"give_campaign_id":0},"product_brand":[],"product_cat":[313],"product_tag":[],"class_list":{"0":"post-4717","1":"product","2":"type-product","3":"status-publish","4":"has-post-thumbnail","6":"product_cat-drvene-ikone","8":"first","9":"instock","10":"purchasable","11":"product-type-simple"},"_links":{"self":[{"href":"https:\/\/orthodoxblessings.com\/sr\/wp-json\/wp\/v2\/product\/4717","targetHints":{"allow":["GET"]}}],"collection":[{"href":"https:\/\/orthodoxblessings.com\/sr\/wp-json\/wp\/v2\/product"}],"about":[{"href":"https:\/\/orthodoxblessings.com\/sr\/wp-json\/wp\/v2\/types\/product"}],"wp:featuredmedia":[{"embeddable":true,"href":"https:\/\/orthodoxblessings.com\/sr\/wp-json\/wp\/v2\/media\/3685"}],"wp:attachment":[{"href":"https:\/\/orthodoxblessings.com\/sr\/wp-json\/wp\/v2\/media?parent=4717"}],"wp:term":[{"taxonomy":"product_brand","embeddable":true,"href":"https:\/\/orthodoxblessings.com\/sr\/wp-json\/wp\/v2\/product_brand?post=4717"},{"taxonomy":"product_cat","embeddable":true,"href":"https:\/\/orthodoxblessings.com\/sr\/wp-json\/wp\/v2\/product_cat?post=4717"},{"taxonomy":"product_tag","embeddable":true,"href":"https:\/\/orthodoxblessings.com\/sr\/wp-json\/wp\/v2\/product_tag?post=4717"}],"curies":[{"name":"wp","href":"https:\/\/api.w.org\/{rel}","templated":true}]}}