{"id":4708,"date":"2025-05-26T11:00:52","date_gmt":"2025-05-26T11:00:52","guid":{"rendered":"https:\/\/orthodoxblessings.com\/shop\/ikona-sv-petka-sa-zlatom-i-srebrom\/"},"modified":"2025-05-26T11:00:52","modified_gmt":"2025-05-26T11:00:52","slug":"ikona-sv-petka-sa-zlatom-i-srebrom","status":"publish","type":"product","link":"https:\/\/orthodoxblessings.com\/sr\/shop\/ikona-sv-petka-sa-zlatom-i-srebrom\/","title":{"rendered":"Ikona Sv.Petka sa zlatom i srebrom"},"content":{"rendered":"<p>Ova ikona Svete Petke prikazuje ovu \u010dudesnu za\u0161titnicu sa elementima zlata i srebra, \u0161to dodaje sve\u010danost i veli\u010dinu njenom liku. Sveta Petka je poznata po svojoj posve\u0107enosti i milosr\u0111u. Ova ikona je posebno pogodna za domove i hramove, kao za\u0161tita od nevolja i kao podse\u0107anje na Bo\u017eiju blagodat i milost.  <\/p>\n","protected":false},"excerpt":{"rendered":"<p>Ova ikona Svete Petke prikazuje ovu \u010dudesnu za\u0161titnicu sa elementima zlata i srebra, \u0161to dodaje sve\u010danost i veli\u010dinu njenom liku. Sveta Petka je poznata po svojoj posve\u0107enosti i milosr\u0111u. Ova ikona je posebno pogodna za domove i hramove, kao za\u0161tita od nevolja i kao podse\u0107anje na Bo\u017eiju blagodat i milost.<\/p>\n","protected":false},"featured_media":9616,"template":"","meta":{"give_campaign_id":0},"product_brand":[],"product_cat":[315],"product_tag":[],"class_list":{"0":"post-4708","1":"product","2":"type-product","3":"status-publish","4":"has-post-thumbnail","6":"product_cat-srebrne-i-pozlacene-ikone","8":"first","9":"instock","10":"sale","11":"purchasable","12":"product-type-simple"},"_links":{"self":[{"href":"https:\/\/orthodoxblessings.com\/sr\/wp-json\/wp\/v2\/product\/4708","targetHints":{"allow":["GET"]}}],"collection":[{"href":"https:\/\/orthodoxblessings.com\/sr\/wp-json\/wp\/v2\/product"}],"about":[{"href":"https:\/\/orthodoxblessings.com\/sr\/wp-json\/wp\/v2\/types\/product"}],"wp:featuredmedia":[{"embeddable":true,"href":"https:\/\/orthodoxblessings.com\/sr\/wp-json\/wp\/v2\/media\/9616"}],"wp:attachment":[{"href":"https:\/\/orthodoxblessings.com\/sr\/wp-json\/wp\/v2\/media?parent=4708"}],"wp:term":[{"taxonomy":"product_brand","embeddable":true,"href":"https:\/\/orthodoxblessings.com\/sr\/wp-json\/wp\/v2\/product_brand?post=4708"},{"taxonomy":"product_cat","embeddable":true,"href":"https:\/\/orthodoxblessings.com\/sr\/wp-json\/wp\/v2\/product_cat?post=4708"},{"taxonomy":"product_tag","embeddable":true,"href":"https:\/\/orthodoxblessings.com\/sr\/wp-json\/wp\/v2\/product_tag?post=4708"}],"curies":[{"name":"wp","href":"https:\/\/api.w.org\/{rel}","templated":true}]}}