{"id":4707,"date":"2025-05-26T11:00:52","date_gmt":"2025-05-26T11:00:52","guid":{"rendered":"https:\/\/orthodoxblessings.com\/shop\/ikona-sv-jovan\/"},"modified":"2025-05-26T11:00:52","modified_gmt":"2025-05-26T11:00:52","slug":"ikona-sv-jovan","status":"publish","type":"product","link":"https:\/\/orthodoxblessings.com\/sr\/shop\/ikona-sv-jovan\/","title":{"rendered":"Ikona Sv.Jovan"},"content":{"rendered":"<p>Ikona Svetog Jovana Krstitelja, najve\u0107eg proroka, nosi sna\u017enu poruku pokajanja i prizivanja na duhovnu obnovu. Sveti Jovan je poznat kao onaj koji je pripremio put za dolazak Gospoda Isusa Hrista. Ova ikona slu\u017ei kao podse\u0107anje na va\u017enost pokajanja i duhovnog rasta, te se \u010desto koristi za li\u010dnu molitvu i usmerenje ka Bogu.  <\/p>\n","protected":false},"excerpt":{"rendered":"<p>Ikona Svetog Jovana Krstitelja, najve\u0107eg proroka, nosi sna\u017enu poruku pokajanja i prizivanja na duhovnu obnovu. Sveti Jovan je poznat kao onaj koji je pripremio put za dolazak Gospoda Isusa Hrista. Ova ikona slu\u017ei kao podse\u0107anje na va\u017enost pokajanja i duhovnog rasta, te se \u010desto koristi za li\u010dnu molitvu i usmerenje ka Bogu.<\/p>\n","protected":false},"featured_media":9443,"template":"","meta":{"give_campaign_id":0},"product_brand":[],"product_cat":[315],"product_tag":[],"class_list":{"0":"post-4707","1":"product","2":"type-product","3":"status-publish","4":"has-post-thumbnail","6":"product_cat-srebrne-i-pozlacene-ikone","8":"first","9":"instock","10":"purchasable","11":"product-type-simple"},"_links":{"self":[{"href":"https:\/\/orthodoxblessings.com\/sr\/wp-json\/wp\/v2\/product\/4707","targetHints":{"allow":["GET"]}}],"collection":[{"href":"https:\/\/orthodoxblessings.com\/sr\/wp-json\/wp\/v2\/product"}],"about":[{"href":"https:\/\/orthodoxblessings.com\/sr\/wp-json\/wp\/v2\/types\/product"}],"wp:featuredmedia":[{"embeddable":true,"href":"https:\/\/orthodoxblessings.com\/sr\/wp-json\/wp\/v2\/media\/9443"}],"wp:attachment":[{"href":"https:\/\/orthodoxblessings.com\/sr\/wp-json\/wp\/v2\/media?parent=4707"}],"wp:term":[{"taxonomy":"product_brand","embeddable":true,"href":"https:\/\/orthodoxblessings.com\/sr\/wp-json\/wp\/v2\/product_brand?post=4707"},{"taxonomy":"product_cat","embeddable":true,"href":"https:\/\/orthodoxblessings.com\/sr\/wp-json\/wp\/v2\/product_cat?post=4707"},{"taxonomy":"product_tag","embeddable":true,"href":"https:\/\/orthodoxblessings.com\/sr\/wp-json\/wp\/v2\/product_tag?post=4707"}],"curies":[{"name":"wp","href":"https:\/\/api.w.org\/{rel}","templated":true}]}}