{"id":4706,"date":"2025-05-26T11:00:52","date_gmt":"2025-05-26T11:00:52","guid":{"rendered":"https:\/\/orthodoxblessings.com\/shop\/ikona-sv-djorce\/"},"modified":"2025-05-26T11:00:52","modified_gmt":"2025-05-26T11:00:52","slug":"ikona-sv-djorce","status":"publish","type":"product","link":"https:\/\/orthodoxblessings.com\/sr\/shop\/ikona-sv-djorce\/","title":{"rendered":"Ikona Sv.\u0110or\u0107e"},"content":{"rendered":"<p>Ova ikona prikazuje Svetog \u0110or\u0111a, velikog mu\u010denika i pobednika nad zlom, koji je poznat po svojoj hrabrosti i vernosti Hristu. Sveti \u0110or\u0111e je simbol pobede, patriotizma i neustra\u0161ivosti. Ikona je pogodna za ljude koji tra\u017ee duhovnu snagu i podr\u0161ku u te\u0161kim trenucima, kao i za sve koji \u017eele da se ugledaju na ovog velikog hri\u0161\u0107anskog borca.<\/p>\n","protected":false},"excerpt":{"rendered":"<p>Ova ikona prikazuje Svetog \u0110or\u0111a, velikog mu\u010denika i pobednika nad zlom, koji je poznat po svojoj hrabrosti i vernosti Hristu. Sveti \u0110or\u0111e je simbol pobede, patriotizma i neustra\u0161ivosti. Ikona je pogodna za ljude koji tra\u017ee duhovnu snagu i podr\u0161ku u te\u0161kim trenucima, kao i za sve koji \u017eele da se ugledaju na ovog velikog hri\u0161\u0107anskog [&hellip;]<\/p>\n","protected":false},"featured_media":9440,"template":"","meta":{"give_campaign_id":0},"product_brand":[],"product_cat":[315],"product_tag":[],"class_list":{"0":"post-4706","1":"product","2":"type-product","3":"status-publish","4":"has-post-thumbnail","6":"product_cat-srebrne-i-pozlacene-ikone","8":"first","9":"instock","10":"purchasable","11":"product-type-simple"},"_links":{"self":[{"href":"https:\/\/orthodoxblessings.com\/sr\/wp-json\/wp\/v2\/product\/4706","targetHints":{"allow":["GET"]}}],"collection":[{"href":"https:\/\/orthodoxblessings.com\/sr\/wp-json\/wp\/v2\/product"}],"about":[{"href":"https:\/\/orthodoxblessings.com\/sr\/wp-json\/wp\/v2\/types\/product"}],"wp:featuredmedia":[{"embeddable":true,"href":"https:\/\/orthodoxblessings.com\/sr\/wp-json\/wp\/v2\/media\/9440"}],"wp:attachment":[{"href":"https:\/\/orthodoxblessings.com\/sr\/wp-json\/wp\/v2\/media?parent=4706"}],"wp:term":[{"taxonomy":"product_brand","embeddable":true,"href":"https:\/\/orthodoxblessings.com\/sr\/wp-json\/wp\/v2\/product_brand?post=4706"},{"taxonomy":"product_cat","embeddable":true,"href":"https:\/\/orthodoxblessings.com\/sr\/wp-json\/wp\/v2\/product_cat?post=4706"},{"taxonomy":"product_tag","embeddable":true,"href":"https:\/\/orthodoxblessings.com\/sr\/wp-json\/wp\/v2\/product_tag?post=4706"}],"curies":[{"name":"wp","href":"https:\/\/api.w.org\/{rel}","templated":true}]}}