{"id":4705,"date":"2025-05-26T11:00:52","date_gmt":"2025-05-26T11:00:52","guid":{"rendered":"https:\/\/orthodoxblessings.com\/shop\/ikona-sv-nikola-2\/"},"modified":"2025-05-26T11:00:52","modified_gmt":"2025-05-26T11:00:52","slug":"ikona-sv-nikola-2","status":"publish","type":"product","link":"https:\/\/orthodoxblessings.com\/sr\/shop\/ikona-sv-nikola-2\/","title":{"rendered":"Ikona Sv.Nikola"},"content":{"rendered":"<p>Ikona Svetog Nikole prikazuje ovog velikog hri\u0161\u0107anskog svetitelja poznatog po svojim \u010dudesima i za\u0161titi siroma\u0161nih i ugro\u017eenih. Sveti Nikola je jedan od najpo\u0161tujenijih svetitelja u Pravoslavnoj Crkvi. Ova ikona nosi duboko duhovno zna\u010denje i \u010desto se postavlja u domove kao za\u0161tita od nevolja i kao izvor duhovne utehe i blagoslova.<\/p>\n","protected":false},"excerpt":{"rendered":"<p>Ikona Svetog Nikole prikazuje ovog velikog hri\u0161\u0107anskog svetitelja poznatog po svojim \u010dudesima i za\u0161titi siroma\u0161nih i ugro\u017eenih. Sveti Nikola je jedan od najpo\u0161tujenijih svetitelja u Pravoslavnoj Crkvi. Ova ikona nosi duboko duhovno zna\u010denje i \u010desto se postavlja u domove kao za\u0161tita od nevolja i kao izvor duhovne utehe i blagoslova.<\/p>\n","protected":false},"featured_media":3731,"template":"","meta":{"give_campaign_id":0},"product_brand":[],"product_cat":[315],"product_tag":[],"class_list":{"0":"post-4705","1":"product","2":"type-product","3":"status-publish","4":"has-post-thumbnail","6":"product_cat-srebrne-i-pozlacene-ikone","8":"first","9":"instock","10":"purchasable","11":"product-type-simple"},"_links":{"self":[{"href":"https:\/\/orthodoxblessings.com\/sr\/wp-json\/wp\/v2\/product\/4705","targetHints":{"allow":["GET"]}}],"collection":[{"href":"https:\/\/orthodoxblessings.com\/sr\/wp-json\/wp\/v2\/product"}],"about":[{"href":"https:\/\/orthodoxblessings.com\/sr\/wp-json\/wp\/v2\/types\/product"}],"wp:featuredmedia":[{"embeddable":true,"href":"https:\/\/orthodoxblessings.com\/sr\/wp-json\/wp\/v2\/media\/3731"}],"wp:attachment":[{"href":"https:\/\/orthodoxblessings.com\/sr\/wp-json\/wp\/v2\/media?parent=4705"}],"wp:term":[{"taxonomy":"product_brand","embeddable":true,"href":"https:\/\/orthodoxblessings.com\/sr\/wp-json\/wp\/v2\/product_brand?post=4705"},{"taxonomy":"product_cat","embeddable":true,"href":"https:\/\/orthodoxblessings.com\/sr\/wp-json\/wp\/v2\/product_cat?post=4705"},{"taxonomy":"product_tag","embeddable":true,"href":"https:\/\/orthodoxblessings.com\/sr\/wp-json\/wp\/v2\/product_tag?post=4705"}],"curies":[{"name":"wp","href":"https:\/\/api.w.org\/{rel}","templated":true}]}}