{"id":4696,"date":"2025-05-26T11:00:52","date_gmt":"2025-05-26T11:00:52","guid":{"rendered":"https:\/\/orthodoxblessings.com\/shop\/ikona-sv-presveta-bogorodica-ostrobramska\/"},"modified":"2025-05-26T11:00:52","modified_gmt":"2025-05-26T11:00:52","slug":"ikona-sv-presveta-bogorodica-ostrobramska","status":"publish","type":"product","link":"https:\/\/orthodoxblessings.com\/sr\/shop\/ikona-sv-presveta-bogorodica-ostrobramska\/","title":{"rendered":"Ikona Sv.Presveta Bogorodica Ostrobramska"},"content":{"rendered":"<p>Ikona koja prikazuje \u010dudotvornu ikonu Bogorodice, poznatu po svojim isceliteljskim mo\u0107ima. Pa\u017eljivo oslikana, pogodna za veruju\u0107e koji tra\u017ee duhovnu utehu.<\/p>\n","protected":false},"excerpt":{"rendered":"<p>Ikona koja prikazuje \u010dudotvornu ikonu Bogorodice, poznatu po svojim isceliteljskim mo\u0107ima. Pa\u017eljivo oslikana, pogodna za veruju\u0107e koji tra\u017ee duhovnu utehu.<\/p>\n","protected":false},"featured_media":0,"template":"","meta":{"give_campaign_id":0},"product_brand":[],"product_cat":[350],"product_tag":[],"class_list":{"0":"post-4696","1":"product","2":"type-product","3":"status-publish","5":"product_cat-ruske-ikone","7":"first","8":"instock","9":"purchasable","10":"product-type-simple"},"_links":{"self":[{"href":"https:\/\/orthodoxblessings.com\/sr\/wp-json\/wp\/v2\/product\/4696","targetHints":{"allow":["GET"]}}],"collection":[{"href":"https:\/\/orthodoxblessings.com\/sr\/wp-json\/wp\/v2\/product"}],"about":[{"href":"https:\/\/orthodoxblessings.com\/sr\/wp-json\/wp\/v2\/types\/product"}],"wp:attachment":[{"href":"https:\/\/orthodoxblessings.com\/sr\/wp-json\/wp\/v2\/media?parent=4696"}],"wp:term":[{"taxonomy":"product_brand","embeddable":true,"href":"https:\/\/orthodoxblessings.com\/sr\/wp-json\/wp\/v2\/product_brand?post=4696"},{"taxonomy":"product_cat","embeddable":true,"href":"https:\/\/orthodoxblessings.com\/sr\/wp-json\/wp\/v2\/product_cat?post=4696"},{"taxonomy":"product_tag","embeddable":true,"href":"https:\/\/orthodoxblessings.com\/sr\/wp-json\/wp\/v2\/product_tag?post=4696"}],"curies":[{"name":"wp","href":"https:\/\/api.w.org\/{rel}","templated":true}]}}