{"id":4689,"date":"2025-05-26T11:00:52","date_gmt":"2025-05-26T11:00:52","guid":{"rendered":"https:\/\/orthodoxblessings.com\/shop\/ikona-sv-georgije-djurdjevdan\/"},"modified":"2025-05-26T11:00:52","modified_gmt":"2025-05-26T11:00:52","slug":"ikona-sv-georgije-djurdjevdan","status":"publish","type":"product","link":"https:\/\/orthodoxblessings.com\/sr\/shop\/ikona-sv-georgije-djurdjevdan\/","title":{"rendered":"Ikona Sv.Georgije &#8211; \u0110ur\u0111evdan"},"content":{"rendered":"<p>Ikona koja oslikava momenat pobede Svetog Georgija nad zlom. Verno izra\u0111ena u duhu pravoslavne ikonografije. <\/p>\n","protected":false},"excerpt":{"rendered":"<p>Ikona koja oslikava momenat pobede Svetog Georgija nad zlom. Verno izra\u0111ena u duhu pravoslavne ikonografije.<\/p>\n","protected":false},"featured_media":9613,"template":"","meta":{"give_campaign_id":0},"product_brand":[],"product_cat":[314],"product_tag":[],"class_list":{"0":"post-4689","1":"product","2":"type-product","3":"status-publish","4":"has-post-thumbnail","6":"product_cat-ikone-u-staklenim-ramovima","8":"first","9":"instock","10":"purchasable","11":"product-type-simple"},"_links":{"self":[{"href":"https:\/\/orthodoxblessings.com\/sr\/wp-json\/wp\/v2\/product\/4689","targetHints":{"allow":["GET"]}}],"collection":[{"href":"https:\/\/orthodoxblessings.com\/sr\/wp-json\/wp\/v2\/product"}],"about":[{"href":"https:\/\/orthodoxblessings.com\/sr\/wp-json\/wp\/v2\/types\/product"}],"wp:featuredmedia":[{"embeddable":true,"href":"https:\/\/orthodoxblessings.com\/sr\/wp-json\/wp\/v2\/media\/9613"}],"wp:attachment":[{"href":"https:\/\/orthodoxblessings.com\/sr\/wp-json\/wp\/v2\/media?parent=4689"}],"wp:term":[{"taxonomy":"product_brand","embeddable":true,"href":"https:\/\/orthodoxblessings.com\/sr\/wp-json\/wp\/v2\/product_brand?post=4689"},{"taxonomy":"product_cat","embeddable":true,"href":"https:\/\/orthodoxblessings.com\/sr\/wp-json\/wp\/v2\/product_cat?post=4689"},{"taxonomy":"product_tag","embeddable":true,"href":"https:\/\/orthodoxblessings.com\/sr\/wp-json\/wp\/v2\/product_tag?post=4689"}],"curies":[{"name":"wp","href":"https:\/\/api.w.org\/{rel}","templated":true}]}}