{"id":4686,"date":"2025-05-26T11:01:00","date_gmt":"2025-05-26T11:01:00","guid":{"rendered":"https:\/\/orthodoxblessings.com\/shop\/crni-zidni-krst-sa-bronzanim-krstom\/"},"modified":"2025-05-26T11:01:00","modified_gmt":"2025-05-26T11:01:00","slug":"crni-zidni-krst-sa-bronzanim-krstom","status":"publish","type":"product","link":"https:\/\/orthodoxblessings.com\/sr\/shop\/crni-zidni-krst-sa-bronzanim-krstom\/","title":{"rendered":"Crni zidni krst sa bronzanim krstom"},"content":{"rendered":"<p>Crni zidni krst sa bronzanim krstom predstavlja sna\u017enu i mo\u0107nu simboliku. Njegov kontrast i kombinacija boja dodaju dubinu i te\u017einu ovom predmetu, koji nosi jaku duhovnu poruku.<\/p>\n","protected":false},"excerpt":{"rendered":"<p>Crni zidni krst sa bronzanim krstom predstavlja sna\u017enu i mo\u0107nu simboliku. Njegov kontrast i kombinacija boja dodaju dubinu i te\u017einu ovom predmetu, koji nosi jaku duhovnu poruku.<\/p>\n","protected":false},"featured_media":3791,"template":"","meta":{"give_campaign_id":0},"product_brand":[],"product_cat":[342],"product_tag":[],"class_list":{"0":"post-4686","1":"product","2":"type-product","3":"status-publish","4":"has-post-thumbnail","6":"product_cat-zidni-krst","8":"first","9":"instock","10":"purchasable","11":"product-type-simple"},"_links":{"self":[{"href":"https:\/\/orthodoxblessings.com\/sr\/wp-json\/wp\/v2\/product\/4686","targetHints":{"allow":["GET"]}}],"collection":[{"href":"https:\/\/orthodoxblessings.com\/sr\/wp-json\/wp\/v2\/product"}],"about":[{"href":"https:\/\/orthodoxblessings.com\/sr\/wp-json\/wp\/v2\/types\/product"}],"wp:featuredmedia":[{"embeddable":true,"href":"https:\/\/orthodoxblessings.com\/sr\/wp-json\/wp\/v2\/media\/3791"}],"wp:attachment":[{"href":"https:\/\/orthodoxblessings.com\/sr\/wp-json\/wp\/v2\/media?parent=4686"}],"wp:term":[{"taxonomy":"product_brand","embeddable":true,"href":"https:\/\/orthodoxblessings.com\/sr\/wp-json\/wp\/v2\/product_brand?post=4686"},{"taxonomy":"product_cat","embeddable":true,"href":"https:\/\/orthodoxblessings.com\/sr\/wp-json\/wp\/v2\/product_cat?post=4686"},{"taxonomy":"product_tag","embeddable":true,"href":"https:\/\/orthodoxblessings.com\/sr\/wp-json\/wp\/v2\/product_tag?post=4686"}],"curies":[{"name":"wp","href":"https:\/\/api.w.org\/{rel}","templated":true}]}}