{"id":4682,"date":"2025-05-26T11:01:00","date_gmt":"2025-05-26T11:01:00","guid":{"rendered":"https:\/\/orthodoxblessings.com\/shop\/pozlaceni-krst-sa-belim-cirkonima\/"},"modified":"2025-05-26T11:01:00","modified_gmt":"2025-05-26T11:01:00","slug":"pozlaceni-krst-sa-belim-cirkonima","status":"publish","type":"product","link":"https:\/\/orthodoxblessings.com\/sr\/shop\/pozlaceni-krst-sa-belim-cirkonima\/","title":{"rendered":"Pozla\u0107eni krst sa belim cirkonima"},"content":{"rendered":"<p>Pozla\u0107en krsti\u0107 sa belim cirkonima koji mu daju elegantan izgled.<\/p>\n","protected":false},"excerpt":{"rendered":"<p>Pozla\u0107en krsti\u0107 sa belim cirkonima koji mu daju elegantan izgled.<\/p>\n","protected":false},"featured_media":3775,"template":"","meta":{"give_campaign_id":0},"product_brand":[],"product_cat":[348],"product_tag":[],"class_list":{"0":"post-4682","1":"product","2":"type-product","3":"status-publish","4":"has-post-thumbnail","6":"product_cat-krst-bez-lancica","8":"first","9":"instock","10":"purchasable","11":"product-type-simple"},"_links":{"self":[{"href":"https:\/\/orthodoxblessings.com\/sr\/wp-json\/wp\/v2\/product\/4682","targetHints":{"allow":["GET"]}}],"collection":[{"href":"https:\/\/orthodoxblessings.com\/sr\/wp-json\/wp\/v2\/product"}],"about":[{"href":"https:\/\/orthodoxblessings.com\/sr\/wp-json\/wp\/v2\/types\/product"}],"wp:featuredmedia":[{"embeddable":true,"href":"https:\/\/orthodoxblessings.com\/sr\/wp-json\/wp\/v2\/media\/3775"}],"wp:attachment":[{"href":"https:\/\/orthodoxblessings.com\/sr\/wp-json\/wp\/v2\/media?parent=4682"}],"wp:term":[{"taxonomy":"product_brand","embeddable":true,"href":"https:\/\/orthodoxblessings.com\/sr\/wp-json\/wp\/v2\/product_brand?post=4682"},{"taxonomy":"product_cat","embeddable":true,"href":"https:\/\/orthodoxblessings.com\/sr\/wp-json\/wp\/v2\/product_cat?post=4682"},{"taxonomy":"product_tag","embeddable":true,"href":"https:\/\/orthodoxblessings.com\/sr\/wp-json\/wp\/v2\/product_tag?post=4682"}],"curies":[{"name":"wp","href":"https:\/\/api.w.org\/{rel}","templated":true}]}}