{"id":4681,"date":"2025-05-26T11:01:00","date_gmt":"2025-05-26T11:01:00","guid":{"rendered":"https:\/\/orthodoxblessings.com\/shop\/mali-drveni-krstic-sa-metalom-za-lance-i-oblim-ivicama\/"},"modified":"2025-05-26T11:01:00","modified_gmt":"2025-05-26T11:01:00","slug":"mali-drveni-krstic-sa-metalom-za-lance-i-oblim-ivicama","status":"publish","type":"product","link":"https:\/\/orthodoxblessings.com\/sr\/shop\/mali-drveni-krstic-sa-metalom-za-lance-i-oblim-ivicama\/","title":{"rendered":"Mali drveni Krsti\u0107 sa metalom za lan\u010de i oblim ivicama"},"content":{"rendered":"<p>Mali drveni krsti\u0107 sa metalnim detaljima i okruglim ivicama nosi lak\u0161i i delikatniji izgled. Ovaj krsti\u0107 je idealan za ljude koji tra\u017ee ne\u0161to kompaktno i prakti\u010dno za no\u0161enje, ali sa sna\u017enim duhovnim zna\u010denjem. <\/p>\n","protected":false},"excerpt":{"rendered":"<p>Mali drveni krsti\u0107 sa metalnim detaljima i okruglim ivicama nosi lak\u0161i i delikatniji izgled. Ovaj krsti\u0107 je idealan za ljude koji tra\u017ee ne\u0161to kompaktno i prakti\u010dno za no\u0161enje, ali sa sna\u017enim duhovnim zna\u010denjem.<\/p>\n","protected":false},"featured_media":3773,"template":"","meta":{"give_campaign_id":0},"product_brand":[],"product_cat":[348],"product_tag":[],"class_list":{"0":"post-4681","1":"product","2":"type-product","3":"status-publish","4":"has-post-thumbnail","6":"product_cat-krst-bez-lancica","8":"first","9":"instock","10":"purchasable","11":"product-type-simple"},"_links":{"self":[{"href":"https:\/\/orthodoxblessings.com\/sr\/wp-json\/wp\/v2\/product\/4681","targetHints":{"allow":["GET"]}}],"collection":[{"href":"https:\/\/orthodoxblessings.com\/sr\/wp-json\/wp\/v2\/product"}],"about":[{"href":"https:\/\/orthodoxblessings.com\/sr\/wp-json\/wp\/v2\/types\/product"}],"wp:featuredmedia":[{"embeddable":true,"href":"https:\/\/orthodoxblessings.com\/sr\/wp-json\/wp\/v2\/media\/3773"}],"wp:attachment":[{"href":"https:\/\/orthodoxblessings.com\/sr\/wp-json\/wp\/v2\/media?parent=4681"}],"wp:term":[{"taxonomy":"product_brand","embeddable":true,"href":"https:\/\/orthodoxblessings.com\/sr\/wp-json\/wp\/v2\/product_brand?post=4681"},{"taxonomy":"product_cat","embeddable":true,"href":"https:\/\/orthodoxblessings.com\/sr\/wp-json\/wp\/v2\/product_cat?post=4681"},{"taxonomy":"product_tag","embeddable":true,"href":"https:\/\/orthodoxblessings.com\/sr\/wp-json\/wp\/v2\/product_tag?post=4681"}],"curies":[{"name":"wp","href":"https:\/\/api.w.org\/{rel}","templated":true}]}}