{"id":4680,"date":"2025-05-26T11:01:00","date_gmt":"2025-05-26T11:01:00","guid":{"rendered":"https:\/\/orthodoxblessings.com\/shop\/krst-sa-5-ikona-i-duborezom\/"},"modified":"2025-05-26T11:01:00","modified_gmt":"2025-05-26T11:01:00","slug":"krst-sa-5-ikona-i-duborezom","status":"publish","type":"product","link":"https:\/\/orthodoxblessings.com\/sr\/shop\/krst-sa-5-ikona-i-duborezom\/","title":{"rendered":"Krst sa 5 ikona i duborezom"},"content":{"rendered":"<p>Ovaj krst sa pet ikona i duborezom kombinuje lepotu tradicionalne umetnosti i duboke verske simbolike. Predstavlja pet va\u017enih svetitelja, koji svojom duhovnom snagom za\u0161titni\u010dki deluju nad svojim vernicima.<\/p>\n","protected":false},"excerpt":{"rendered":"<p>Ovaj krst sa pet ikona i duborezom kombinuje lepotu tradicionalne umetnosti i duboke verske simbolike. Predstavlja pet va\u017enih svetitelja, koji svojom duhovnom snagom za\u0161titni\u010dki deluju nad svojim vernicima.<\/p>\n","protected":false},"featured_media":3767,"template":"","meta":{"give_campaign_id":0},"product_brand":[],"product_cat":[349],"product_tag":[],"class_list":{"0":"post-4680","1":"product","2":"type-product","3":"status-publish","4":"has-post-thumbnail","6":"product_cat-duborez","8":"first","9":"instock","10":"purchasable","11":"product-type-simple"},"_links":{"self":[{"href":"https:\/\/orthodoxblessings.com\/sr\/wp-json\/wp\/v2\/product\/4680","targetHints":{"allow":["GET"]}}],"collection":[{"href":"https:\/\/orthodoxblessings.com\/sr\/wp-json\/wp\/v2\/product"}],"about":[{"href":"https:\/\/orthodoxblessings.com\/sr\/wp-json\/wp\/v2\/types\/product"}],"wp:featuredmedia":[{"embeddable":true,"href":"https:\/\/orthodoxblessings.com\/sr\/wp-json\/wp\/v2\/media\/3767"}],"wp:attachment":[{"href":"https:\/\/orthodoxblessings.com\/sr\/wp-json\/wp\/v2\/media?parent=4680"}],"wp:term":[{"taxonomy":"product_brand","embeddable":true,"href":"https:\/\/orthodoxblessings.com\/sr\/wp-json\/wp\/v2\/product_brand?post=4680"},{"taxonomy":"product_cat","embeddable":true,"href":"https:\/\/orthodoxblessings.com\/sr\/wp-json\/wp\/v2\/product_cat?post=4680"},{"taxonomy":"product_tag","embeddable":true,"href":"https:\/\/orthodoxblessings.com\/sr\/wp-json\/wp\/v2\/product_tag?post=4680"}],"curies":[{"name":"wp","href":"https:\/\/api.w.org\/{rel}","templated":true}]}}