{"id":4679,"date":"2025-05-26T11:01:00","date_gmt":"2025-05-26T11:01:00","guid":{"rendered":"https:\/\/orthodoxblessings.com\/shop\/drveni-krstic-sa-metalom-za-lance-i-ostrim-ivicama\/"},"modified":"2025-05-26T11:01:00","modified_gmt":"2025-05-26T11:01:00","slug":"drveni-krstic-sa-metalom-za-lance-i-ostrim-ivicama","status":"publish","type":"product","link":"https:\/\/orthodoxblessings.com\/sr\/shop\/drveni-krstic-sa-metalom-za-lance-i-ostrim-ivicama\/","title":{"rendered":"Drveni Krsti\u0107 sa metalom za lan\u010de i o\u0161trim ivicama"},"content":{"rendered":"<p>Ovaj krsti\u0107 kombinuje toplinu drveta sa hladnim metalom, dok o\u0161tre ivice dodaju dinami\u010dan izgled. Pogodan je za ljude koji \u017eele kombinaciju tradicionalnog i modernog u jednom duhovnom simbolu.<\/p>\n","protected":false},"excerpt":{"rendered":"<p>Ovaj krsti\u0107 kombinuje toplinu drveta sa hladnim metalom, dok o\u0161tre ivice dodaju dinami\u010dan izgled. Pogodan je za ljude koji \u017eele kombinaciju tradicionalnog i modernog u jednom duhovnom simbolu.<\/p>\n","protected":false},"featured_media":3771,"template":"","meta":{"give_campaign_id":0},"product_brand":[],"product_cat":[348],"product_tag":[],"class_list":{"0":"post-4679","1":"product","2":"type-product","3":"status-publish","4":"has-post-thumbnail","6":"product_cat-krst-bez-lancica","8":"first","9":"instock","10":"purchasable","11":"product-type-simple"},"_links":{"self":[{"href":"https:\/\/orthodoxblessings.com\/sr\/wp-json\/wp\/v2\/product\/4679","targetHints":{"allow":["GET"]}}],"collection":[{"href":"https:\/\/orthodoxblessings.com\/sr\/wp-json\/wp\/v2\/product"}],"about":[{"href":"https:\/\/orthodoxblessings.com\/sr\/wp-json\/wp\/v2\/types\/product"}],"wp:featuredmedia":[{"embeddable":true,"href":"https:\/\/orthodoxblessings.com\/sr\/wp-json\/wp\/v2\/media\/3771"}],"wp:attachment":[{"href":"https:\/\/orthodoxblessings.com\/sr\/wp-json\/wp\/v2\/media?parent=4679"}],"wp:term":[{"taxonomy":"product_brand","embeddable":true,"href":"https:\/\/orthodoxblessings.com\/sr\/wp-json\/wp\/v2\/product_brand?post=4679"},{"taxonomy":"product_cat","embeddable":true,"href":"https:\/\/orthodoxblessings.com\/sr\/wp-json\/wp\/v2\/product_cat?post=4679"},{"taxonomy":"product_tag","embeddable":true,"href":"https:\/\/orthodoxblessings.com\/sr\/wp-json\/wp\/v2\/product_tag?post=4679"}],"curies":[{"name":"wp","href":"https:\/\/api.w.org\/{rel}","templated":true}]}}