{"id":4678,"date":"2025-05-26T11:01:00","date_gmt":"2025-05-26T11:01:00","guid":{"rendered":"https:\/\/orthodoxblessings.com\/shop\/drevni-diptih-sv-nikolaj-cudotvorac-sa-zlatnim-krstom\/"},"modified":"2025-05-26T11:01:00","modified_gmt":"2025-05-26T11:01:00","slug":"drevni-diptih-sv-nikolaj-cudotvorac-sa-zlatnim-krstom","status":"publish","type":"product","link":"https:\/\/orthodoxblessings.com\/sr\/shop\/drevni-diptih-sv-nikolaj-cudotvorac-sa-zlatnim-krstom\/","title":{"rendered":"Drevni diptih Sv.Nikolaj \u010cudotvorac &#8211; sa zlatnim krstom"},"content":{"rendered":"<p>Ova ikona u diptihu prikazuje Sv. Nikolu \u010cudotvorca, jednog od najpouzdanijih svetitelja, a njen zlatni krst dodaje dodatnu veli\u010dinu i blagoslov. Prelepo dizajniran, ova ikona je posebno pogodna za poklon ili kao deo li\u010dne molitvene sobe.<\/p>\n","protected":false},"excerpt":{"rendered":"<p>Ova ikona u diptihu prikazuje Sv. Nikolu \u010cudotvorca, jednog od najpouzdanijih svetitelja, a njen zlatni krst dodaje dodatnu veli\u010dinu i blagoslov. Prelepo dizajniran, ova ikona je posebno pogodna za poklon ili kao deo li\u010dne molitvene sobe.<\/p>\n","protected":false},"featured_media":9586,"template":"","meta":{"give_campaign_id":0},"product_brand":[],"product_cat":[345],"product_tag":[],"class_list":{"0":"post-4678","1":"product","2":"type-product","3":"status-publish","4":"has-post-thumbnail","6":"product_cat-diptih-ikone","8":"first","9":"instock","10":"purchasable","11":"product-type-simple"},"_links":{"self":[{"href":"https:\/\/orthodoxblessings.com\/sr\/wp-json\/wp\/v2\/product\/4678","targetHints":{"allow":["GET"]}}],"collection":[{"href":"https:\/\/orthodoxblessings.com\/sr\/wp-json\/wp\/v2\/product"}],"about":[{"href":"https:\/\/orthodoxblessings.com\/sr\/wp-json\/wp\/v2\/types\/product"}],"wp:featuredmedia":[{"embeddable":true,"href":"https:\/\/orthodoxblessings.com\/sr\/wp-json\/wp\/v2\/media\/9586"}],"wp:attachment":[{"href":"https:\/\/orthodoxblessings.com\/sr\/wp-json\/wp\/v2\/media?parent=4678"}],"wp:term":[{"taxonomy":"product_brand","embeddable":true,"href":"https:\/\/orthodoxblessings.com\/sr\/wp-json\/wp\/v2\/product_brand?post=4678"},{"taxonomy":"product_cat","embeddable":true,"href":"https:\/\/orthodoxblessings.com\/sr\/wp-json\/wp\/v2\/product_cat?post=4678"},{"taxonomy":"product_tag","embeddable":true,"href":"https:\/\/orthodoxblessings.com\/sr\/wp-json\/wp\/v2\/product_tag?post=4678"}],"curies":[{"name":"wp","href":"https:\/\/api.w.org\/{rel}","templated":true}]}}