{"id":4676,"date":"2025-05-26T11:01:00","date_gmt":"2025-05-26T11:01:00","guid":{"rendered":"https:\/\/orthodoxblessings.com\/shop\/zidni-krst-sa-drzacem-ruski-dizain\/"},"modified":"2025-05-26T11:01:00","modified_gmt":"2025-05-26T11:01:00","slug":"zidni-krst-sa-drzacem-ruski-dizain","status":"publish","type":"product","link":"https:\/\/orthodoxblessings.com\/sr\/shop\/zidni-krst-sa-drzacem-ruski-dizain\/","title":{"rendered":"Zidni Krst sa dr\u017ea\u010dem &#8211; Ruski dizain"},"content":{"rendered":"<p>Ovaj zidni krst sa dr\u017ea\u010dem, u ruskom dizajnu, kombinuje tradicionalnu rusku umetnost i duboke duhovne simbole. Ljubitelji pravoslavne tradicije prepozna\u0107e u ovom krstu izuzetnu izradu, koja odra\u017eava duh starih ruskih manastira. <\/p>\n","protected":false},"excerpt":{"rendered":"<p>Ovaj zidni krst sa dr\u017ea\u010dem, u ruskom dizajnu, kombinuje tradicionalnu rusku umetnost i duboke duhovne simbole. Ljubitelji pravoslavne tradicije prepozna\u0107e u ovom krstu izuzetnu izradu, koja odra\u017eava duh starih ruskih manastira.<\/p>\n","protected":false},"featured_media":0,"template":"","meta":{"give_campaign_id":0},"product_brand":[],"product_cat":[347],"product_tag":[],"class_list":{"0":"post-4676","1":"product","2":"type-product","3":"status-publish","5":"product_cat-krst-sa-rukohvatom","7":"first","8":"instock","9":"purchasable","10":"product-type-simple"},"_links":{"self":[{"href":"https:\/\/orthodoxblessings.com\/sr\/wp-json\/wp\/v2\/product\/4676","targetHints":{"allow":["GET"]}}],"collection":[{"href":"https:\/\/orthodoxblessings.com\/sr\/wp-json\/wp\/v2\/product"}],"about":[{"href":"https:\/\/orthodoxblessings.com\/sr\/wp-json\/wp\/v2\/types\/product"}],"wp:attachment":[{"href":"https:\/\/orthodoxblessings.com\/sr\/wp-json\/wp\/v2\/media?parent=4676"}],"wp:term":[{"taxonomy":"product_brand","embeddable":true,"href":"https:\/\/orthodoxblessings.com\/sr\/wp-json\/wp\/v2\/product_brand?post=4676"},{"taxonomy":"product_cat","embeddable":true,"href":"https:\/\/orthodoxblessings.com\/sr\/wp-json\/wp\/v2\/product_cat?post=4676"},{"taxonomy":"product_tag","embeddable":true,"href":"https:\/\/orthodoxblessings.com\/sr\/wp-json\/wp\/v2\/product_tag?post=4676"}],"curies":[{"name":"wp","href":"https:\/\/api.w.org\/{rel}","templated":true}]}}