{"id":4675,"date":"2025-05-26T11:01:00","date_gmt":"2025-05-26T11:01:00","guid":{"rendered":"https:\/\/orthodoxblessings.com\/shop\/ikona-isus-hristos\/"},"modified":"2025-05-26T11:01:00","modified_gmt":"2025-05-26T11:01:00","slug":"ikona-isus-hristos","status":"publish","type":"product","link":"https:\/\/orthodoxblessings.com\/sr\/shop\/ikona-isus-hristos\/","title":{"rendered":"Ikona Isus Hristos"},"content":{"rendered":"<p>Ikona Isusa Hrista predstavlja najva\u017eniju li\u010dnost u hri\u0161\u0107anskoj veri. Njegovo prisustvo na ovoj ikoni podse\u0107a vernike na spasenje koje nam je Hristos darovao svojim \u017eivotom, smr\u0107u i vaskrsenjem. Ikona Isusa Hrista je simbol ve\u010dne ljubavi, milosti i spasenja. Ova ikona je osnova hri\u0161\u0107anske vere i slu\u017ei kao dubok duhovni podsticaj za molitvu i verovanje, predstavljaju\u0107i ve\u010dnu ljubav i radost Bo\u017eije prisutnosti.<\/p>\n","protected":false},"excerpt":{"rendered":"<p>Ikona Isusa Hrista predstavlja najva\u017eniju li\u010dnost u hri\u0161\u0107anskoj veri. Njegovo prisustvo na ovoj ikoni podse\u0107a vernike na spasenje koje nam je Hristos darovao svojim \u017eivotom, smr\u0107u i vaskrsenjem. Ikona Isusa Hrista je simbol ve\u010dne ljubavi, milosti i spasenja. Ova ikona je osnova hri\u0161\u0107anske vere i slu\u017ei kao dubok duhovni podsticaj za molitvu i verovanje, predstavljaju\u0107i [&hellip;]<\/p>\n","protected":false},"featured_media":9601,"template":"","meta":{"give_campaign_id":0},"product_brand":[],"product_cat":[346],"product_tag":[],"class_list":{"0":"post-4675","1":"product","2":"type-product","3":"status-publish","4":"has-post-thumbnail","6":"product_cat-ikone-za-vencanja","8":"first","9":"instock","10":"purchasable","11":"product-type-simple"},"_links":{"self":[{"href":"https:\/\/orthodoxblessings.com\/sr\/wp-json\/wp\/v2\/product\/4675","targetHints":{"allow":["GET"]}}],"collection":[{"href":"https:\/\/orthodoxblessings.com\/sr\/wp-json\/wp\/v2\/product"}],"about":[{"href":"https:\/\/orthodoxblessings.com\/sr\/wp-json\/wp\/v2\/types\/product"}],"wp:featuredmedia":[{"embeddable":true,"href":"https:\/\/orthodoxblessings.com\/sr\/wp-json\/wp\/v2\/media\/9601"}],"wp:attachment":[{"href":"https:\/\/orthodoxblessings.com\/sr\/wp-json\/wp\/v2\/media?parent=4675"}],"wp:term":[{"taxonomy":"product_brand","embeddable":true,"href":"https:\/\/orthodoxblessings.com\/sr\/wp-json\/wp\/v2\/product_brand?post=4675"},{"taxonomy":"product_cat","embeddable":true,"href":"https:\/\/orthodoxblessings.com\/sr\/wp-json\/wp\/v2\/product_cat?post=4675"},{"taxonomy":"product_tag","embeddable":true,"href":"https:\/\/orthodoxblessings.com\/sr\/wp-json\/wp\/v2\/product_tag?post=4675"}],"curies":[{"name":"wp","href":"https:\/\/api.w.org\/{rel}","templated":true}]}}