{"id":4674,"date":"2025-05-26T11:01:00","date_gmt":"2025-05-26T11:01:00","guid":{"rendered":"https:\/\/orthodoxblessings.com\/shop\/ikona-presveta-bogorodica\/"},"modified":"2025-05-26T11:01:00","modified_gmt":"2025-05-26T11:01:00","slug":"ikona-presveta-bogorodica","status":"publish","type":"product","link":"https:\/\/orthodoxblessings.com\/sr\/shop\/ikona-presveta-bogorodica\/","title":{"rendered":"Ikona Presveta Bogorodica"},"content":{"rendered":"<p>Ikona Presvete Bogorodice je jedna od najpo\u0161tujenijih u hri\u0161\u0107anstvu. Presveta Bogorodica je simbol ljubavi, za\u0161tite i milosti. Njen lik na ovoj ikoni predstavlja ideal Bo\u017eije brige i duhovne za\u0161tite. Ova ikona je savr\u0161ena za domove, hramove ili kao poklon za one koji tra\u017ee duhovnu pomo\u0107 i utehu.<\/p>\n","protected":false},"excerpt":{"rendered":"<p>Ikona Presvete Bogorodice je jedna od najpo\u0161tujenijih u hri\u0161\u0107anstvu. Presveta Bogorodica je simbol ljubavi, za\u0161tite i milosti. Njen lik na ovoj ikoni predstavlja ideal Bo\u017eije brige i duhovne za\u0161tite. Ova ikona je savr\u0161ena za domove, hramove ili kao poklon za one koji tra\u017ee duhovnu pomo\u0107 i utehu.<\/p>\n","protected":false},"featured_media":9598,"template":"","meta":{"give_campaign_id":0},"product_brand":[],"product_cat":[346],"product_tag":[],"class_list":{"0":"post-4674","1":"product","2":"type-product","3":"status-publish","4":"has-post-thumbnail","6":"product_cat-ikone-za-vencanja","8":"first","9":"instock","10":"purchasable","11":"product-type-simple"},"_links":{"self":[{"href":"https:\/\/orthodoxblessings.com\/sr\/wp-json\/wp\/v2\/product\/4674","targetHints":{"allow":["GET"]}}],"collection":[{"href":"https:\/\/orthodoxblessings.com\/sr\/wp-json\/wp\/v2\/product"}],"about":[{"href":"https:\/\/orthodoxblessings.com\/sr\/wp-json\/wp\/v2\/types\/product"}],"wp:featuredmedia":[{"embeddable":true,"href":"https:\/\/orthodoxblessings.com\/sr\/wp-json\/wp\/v2\/media\/9598"}],"wp:attachment":[{"href":"https:\/\/orthodoxblessings.com\/sr\/wp-json\/wp\/v2\/media?parent=4674"}],"wp:term":[{"taxonomy":"product_brand","embeddable":true,"href":"https:\/\/orthodoxblessings.com\/sr\/wp-json\/wp\/v2\/product_brand?post=4674"},{"taxonomy":"product_cat","embeddable":true,"href":"https:\/\/orthodoxblessings.com\/sr\/wp-json\/wp\/v2\/product_cat?post=4674"},{"taxonomy":"product_tag","embeddable":true,"href":"https:\/\/orthodoxblessings.com\/sr\/wp-json\/wp\/v2\/product_tag?post=4674"}],"curies":[{"name":"wp","href":"https:\/\/api.w.org\/{rel}","templated":true}]}}