{"id":4673,"date":"2025-05-26T11:01:00","date_gmt":"2025-05-26T11:01:00","guid":{"rendered":"https:\/\/orthodoxblessings.com\/shop\/plisani-diptih-ikona-isus-hristos-i-presveta-bogorodica-sa-sivenim-krstom\/"},"modified":"2025-05-26T11:01:00","modified_gmt":"2025-05-26T11:01:00","slug":"plisani-diptih-ikona-isus-hristos-i-presveta-bogorodica-sa-sivenim-krstom","status":"publish","type":"product","link":"https:\/\/orthodoxblessings.com\/sr\/shop\/plisani-diptih-ikona-isus-hristos-i-presveta-bogorodica-sa-sivenim-krstom\/","title":{"rendered":"Pli\u0161ani diptih Ikona Isus Hristos i Presveta Bogorodica &#8211; sa \u0161ivenim krstom"},"content":{"rendered":"<p>Ova ikona u pli\u0161anom diptihu sa \u0161ivenim krstom dodaje poseban duhovni dodir. Likovi Isusa Hrista i Presvete Bogorodice su prikazani u bogatoj i dubokoj boji, a \u0161iveni krst nagla\u0161ava njihovu duhovnu snagu i zna\u010daj. Ova ikona je savr\u0161ena za ljude koji tra\u017ee duboko duhovno povezivanje sa ovim svetim li\u010dnostima.  <\/p>\n","protected":false},"excerpt":{"rendered":"<p>Ova ikona u pli\u0161anom diptihu sa \u0161ivenim krstom dodaje poseban duhovni dodir. Likovi Isusa Hrista i Presvete Bogorodice su prikazani u bogatoj i dubokoj boji, a \u0161iveni krst nagla\u0161ava njihovu duhovnu snagu i zna\u010daj. Ova ikona je savr\u0161ena za ljude koji tra\u017ee duboko duhovno povezivanje sa ovim svetim li\u010dnostima.<\/p>\n","protected":false},"featured_media":3751,"template":"","meta":{"give_campaign_id":0},"product_brand":[],"product_cat":[345],"product_tag":[],"class_list":{"0":"post-4673","1":"product","2":"type-product","3":"status-publish","4":"has-post-thumbnail","6":"product_cat-diptih-ikone","8":"first","9":"outofstock","10":"purchasable","11":"product-type-simple"},"_links":{"self":[{"href":"https:\/\/orthodoxblessings.com\/sr\/wp-json\/wp\/v2\/product\/4673","targetHints":{"allow":["GET"]}}],"collection":[{"href":"https:\/\/orthodoxblessings.com\/sr\/wp-json\/wp\/v2\/product"}],"about":[{"href":"https:\/\/orthodoxblessings.com\/sr\/wp-json\/wp\/v2\/types\/product"}],"wp:featuredmedia":[{"embeddable":true,"href":"https:\/\/orthodoxblessings.com\/sr\/wp-json\/wp\/v2\/media\/3751"}],"wp:attachment":[{"href":"https:\/\/orthodoxblessings.com\/sr\/wp-json\/wp\/v2\/media?parent=4673"}],"wp:term":[{"taxonomy":"product_brand","embeddable":true,"href":"https:\/\/orthodoxblessings.com\/sr\/wp-json\/wp\/v2\/product_brand?post=4673"},{"taxonomy":"product_cat","embeddable":true,"href":"https:\/\/orthodoxblessings.com\/sr\/wp-json\/wp\/v2\/product_cat?post=4673"},{"taxonomy":"product_tag","embeddable":true,"href":"https:\/\/orthodoxblessings.com\/sr\/wp-json\/wp\/v2\/product_tag?post=4673"}],"curies":[{"name":"wp","href":"https:\/\/api.w.org\/{rel}","templated":true}]}}