{"id":4672,"date":"2025-05-26T11:01:00","date_gmt":"2025-05-26T11:01:00","guid":{"rendered":"https:\/\/orthodoxblessings.com\/shop\/veliki-diptih-ikona-isus-hristos-i-presveta-bogorodica-sa-plisom\/"},"modified":"2025-05-26T11:01:00","modified_gmt":"2025-05-26T11:01:00","slug":"veliki-diptih-ikona-isus-hristos-i-presveta-bogorodica-sa-plisom","status":"publish","type":"product","link":"https:\/\/orthodoxblessings.com\/sr\/shop\/veliki-diptih-ikona-isus-hristos-i-presveta-bogorodica-sa-plisom\/","title":{"rendered":"Veliki diptih ikona Isus Hristos i Presveta Bogorodica &#8211; sa pli\u0161om"},"content":{"rendered":"<p>Ova velika diptih ikona predstavlja Isusa Hrista i Presvetu Bogorodicu u prelepom dizajnu sa pli\u0161anim okvirom. Velika veli\u010dina ikone dodaje dubinu duhovnom zna\u010denju ovih likova, a pli\u0161ani okvir \u010dini ikonu istovremeno sve\u010danom i modernom. Idealno za veliki prostor ili kao centralni element u crkvenom prostoru.<\/p>\n","protected":false},"excerpt":{"rendered":"<p>Ova velika diptih ikona predstavlja Isusa Hrista i Presvetu Bogorodicu u prelepom dizajnu sa pli\u0161anim okvirom. Velika veli\u010dina ikone dodaje dubinu duhovnom zna\u010denju ovih likova, a pli\u0161ani okvir \u010dini ikonu istovremeno sve\u010danom i modernom. Idealno za veliki prostor ili kao centralni element u crkvenom prostoru.<\/p>\n","protected":false},"featured_media":3747,"template":"","meta":{"give_campaign_id":0},"product_brand":[],"product_cat":[345],"product_tag":[],"class_list":{"0":"post-4672","1":"product","2":"type-product","3":"status-publish","4":"has-post-thumbnail","6":"product_cat-diptih-ikone","8":"first","9":"outofstock","10":"purchasable","11":"product-type-simple"},"_links":{"self":[{"href":"https:\/\/orthodoxblessings.com\/sr\/wp-json\/wp\/v2\/product\/4672","targetHints":{"allow":["GET"]}}],"collection":[{"href":"https:\/\/orthodoxblessings.com\/sr\/wp-json\/wp\/v2\/product"}],"about":[{"href":"https:\/\/orthodoxblessings.com\/sr\/wp-json\/wp\/v2\/types\/product"}],"wp:featuredmedia":[{"embeddable":true,"href":"https:\/\/orthodoxblessings.com\/sr\/wp-json\/wp\/v2\/media\/3747"}],"wp:attachment":[{"href":"https:\/\/orthodoxblessings.com\/sr\/wp-json\/wp\/v2\/media?parent=4672"}],"wp:term":[{"taxonomy":"product_brand","embeddable":true,"href":"https:\/\/orthodoxblessings.com\/sr\/wp-json\/wp\/v2\/product_brand?post=4672"},{"taxonomy":"product_cat","embeddable":true,"href":"https:\/\/orthodoxblessings.com\/sr\/wp-json\/wp\/v2\/product_cat?post=4672"},{"taxonomy":"product_tag","embeddable":true,"href":"https:\/\/orthodoxblessings.com\/sr\/wp-json\/wp\/v2\/product_tag?post=4672"}],"curies":[{"name":"wp","href":"https:\/\/api.w.org\/{rel}","templated":true}]}}