{"id":4670,"date":"2025-05-26T11:01:00","date_gmt":"2025-05-26T11:01:00","guid":{"rendered":"https:\/\/orthodoxblessings.com\/shop\/ikona-sv-nikola-elipsastog-oblika\/"},"modified":"2025-05-26T11:01:00","modified_gmt":"2025-05-26T11:01:00","slug":"ikona-sv-nikola-elipsastog-oblika","status":"publish","type":"product","link":"https:\/\/orthodoxblessings.com\/sr\/shop\/ikona-sv-nikola-elipsastog-oblika\/","title":{"rendered":"Ikona Sv. Nikola &#8211; Elipsastog oblika"},"content":{"rendered":"<p>Ikona Svetog Nikole u elegantnom elipsastom okviru kombinuje klasi\u010dnu predstavu ovog velikog svetitelja sa modernim oblikom. Ova ikona je savr\u0161en izbor za sve koji \u017eele da imaju svog duhovnog za\u0161titnika u stilskom i dekorativnom kontekstu. Lik Svetog Nikole na ovoj ikoni pru\u017ea duhovnu utehu i blagoslov za sve u doma\u0107instvu.  <\/p>\n","protected":false},"excerpt":{"rendered":"<p>Ikona Svetog Nikole u elegantnom elipsastom okviru kombinuje klasi\u010dnu predstavu ovog velikog svetitelja sa modernim oblikom. Ova ikona je savr\u0161en izbor za sve koji \u017eele da imaju svog duhovnog za\u0161titnika u stilskom i dekorativnom kontekstu. Lik Svetog Nikole na ovoj ikoni pru\u017ea duhovnu utehu i blagoslov za sve u doma\u0107instvu.<\/p>\n","protected":false},"featured_media":9589,"template":"","meta":{"give_campaign_id":0},"product_brand":[],"product_cat":[315],"product_tag":[],"class_list":{"0":"post-4670","1":"product","2":"type-product","3":"status-publish","4":"has-post-thumbnail","6":"product_cat-srebrne-i-pozlacene-ikone","8":"first","9":"instock","10":"purchasable","11":"product-type-simple"},"_links":{"self":[{"href":"https:\/\/orthodoxblessings.com\/sr\/wp-json\/wp\/v2\/product\/4670","targetHints":{"allow":["GET"]}}],"collection":[{"href":"https:\/\/orthodoxblessings.com\/sr\/wp-json\/wp\/v2\/product"}],"about":[{"href":"https:\/\/orthodoxblessings.com\/sr\/wp-json\/wp\/v2\/types\/product"}],"wp:featuredmedia":[{"embeddable":true,"href":"https:\/\/orthodoxblessings.com\/sr\/wp-json\/wp\/v2\/media\/9589"}],"wp:attachment":[{"href":"https:\/\/orthodoxblessings.com\/sr\/wp-json\/wp\/v2\/media?parent=4670"}],"wp:term":[{"taxonomy":"product_brand","embeddable":true,"href":"https:\/\/orthodoxblessings.com\/sr\/wp-json\/wp\/v2\/product_brand?post=4670"},{"taxonomy":"product_cat","embeddable":true,"href":"https:\/\/orthodoxblessings.com\/sr\/wp-json\/wp\/v2\/product_cat?post=4670"},{"taxonomy":"product_tag","embeddable":true,"href":"https:\/\/orthodoxblessings.com\/sr\/wp-json\/wp\/v2\/product_tag?post=4670"}],"curies":[{"name":"wp","href":"https:\/\/api.w.org\/{rel}","templated":true}]}}