{"id":4669,"date":"2025-05-26T11:01:00","date_gmt":"2025-05-26T11:01:00","guid":{"rendered":"https:\/\/orthodoxblessings.com\/shop\/diptih-ikona-sv-nikola-ruski-dizain-sa-crvenim-plisom\/"},"modified":"2025-12-22T09:27:03","modified_gmt":"2025-12-22T09:27:03","slug":"diptih-ikona-sv-nikola-ruski-dizain-sa-crvenim-plisom","status":"publish","type":"product","link":"https:\/\/orthodoxblessings.com\/sr\/shop\/diptih-ikona-sv-nikola-ruski-dizain-sa-crvenim-plisom\/","title":{"rendered":"Diptih ikona Sv.Nikola &#8211; Ruski dizajn sa crvenim pli\u0161om"},"content":{"rendered":"<p>Ova ikona u diptihu, sa ruskim dizajnom i crvenim pli\u0161em, prikazuje Svetog Nikolu u klasi\u010dnom i bogatom stilu. Diptih ikona je dvostrana i predstavlja duboku duhovnu snagu i za\u0161titu. Ruski dizajn dodaje dimenziju sve\u010danosti i ozbiljnosti, \u010dine\u0107i ovu ikonu idealnom za hri\u0161\u0107anske domove i hramove.<\/p>\n","protected":false},"excerpt":{"rendered":"<p>Ova ikona u diptihu, sa ruskim dizajnom i crvenim pli\u0161em, prikazuje Svetog Nikolu u klasi\u010dnom i bogatom stilu. Diptih ikona je dvostrana i predstavlja duboku duhovnu snagu i za\u0161titu. Ruski dizajn dodaje dimenziju sve\u010danosti i ozbiljnosti, \u010dine\u0107i ovu ikonu idealnom za hri\u0161\u0107anske domove i hramove.<\/p>\n","protected":false},"featured_media":9577,"template":"","meta":{"give_campaign_id":0},"product_brand":[],"product_cat":[345],"product_tag":[],"class_list":{"0":"post-4669","1":"product","2":"type-product","3":"status-publish","4":"has-post-thumbnail","6":"product_cat-diptih-ikone","8":"first","9":"outofstock","10":"purchasable","11":"product-type-simple"},"_links":{"self":[{"href":"https:\/\/orthodoxblessings.com\/sr\/wp-json\/wp\/v2\/product\/4669","targetHints":{"allow":["GET"]}}],"collection":[{"href":"https:\/\/orthodoxblessings.com\/sr\/wp-json\/wp\/v2\/product"}],"about":[{"href":"https:\/\/orthodoxblessings.com\/sr\/wp-json\/wp\/v2\/types\/product"}],"wp:featuredmedia":[{"embeddable":true,"href":"https:\/\/orthodoxblessings.com\/sr\/wp-json\/wp\/v2\/media\/9577"}],"wp:attachment":[{"href":"https:\/\/orthodoxblessings.com\/sr\/wp-json\/wp\/v2\/media?parent=4669"}],"wp:term":[{"taxonomy":"product_brand","embeddable":true,"href":"https:\/\/orthodoxblessings.com\/sr\/wp-json\/wp\/v2\/product_brand?post=4669"},{"taxonomy":"product_cat","embeddable":true,"href":"https:\/\/orthodoxblessings.com\/sr\/wp-json\/wp\/v2\/product_cat?post=4669"},{"taxonomy":"product_tag","embeddable":true,"href":"https:\/\/orthodoxblessings.com\/sr\/wp-json\/wp\/v2\/product_tag?post=4669"}],"curies":[{"name":"wp","href":"https:\/\/api.w.org\/{rel}","templated":true}]}}