{"id":4668,"date":"2025-05-26T11:01:00","date_gmt":"2025-05-26T11:01:00","guid":{"rendered":"https:\/\/orthodoxblessings.com\/shop\/ikona-sv-pantelije-sa-sirokim-staklenim-ramom\/"},"modified":"2025-05-26T11:01:00","modified_gmt":"2025-05-26T11:01:00","slug":"ikona-sv-pantelije-sa-sirokim-staklenim-ramom","status":"publish","type":"product","link":"https:\/\/orthodoxblessings.com\/sr\/shop\/ikona-sv-pantelije-sa-sirokim-staklenim-ramom\/","title":{"rendered":"Ikona Sv.Pantelije sa \u0161irokim staklenim ramom"},"content":{"rendered":"<p>Ikona Svetog Pantelije, velikog lekara i mu\u010denika, predstavlja duhovnu i fizi\u010dku isceliteljsku mo\u0107. Sa \u0161irokim staklenim ramom, ova ikona ima sveobuhvatan vizuelni efekat, nagla\u0161avaju\u0107i njenu veli\u010dinu. Sveti Pantelije je posebno po\u0161tovan za svoje \u010dudesne isceljenja, a ova ikona je idealna za ljude koji tra\u017ee za\u0161titu i isceljenje.  <\/p>\n","protected":false},"excerpt":{"rendered":"<p>Ikona Svetog Pantelije, velikog lekara i mu\u010denika, predstavlja duhovnu i fizi\u010dku isceliteljsku mo\u0107. Sa \u0161irokim staklenim ramom, ova ikona ima sveobuhvatan vizuelni efekat, nagla\u0161avaju\u0107i njenu veli\u010dinu. Sveti Pantelije je posebno po\u0161tovan za svoje \u010dudesne isceljenja, a ova ikona je idealna za ljude koji tra\u017ee za\u0161titu i isceljenje.<\/p>\n","protected":false},"featured_media":0,"template":"","meta":{"give_campaign_id":0},"product_brand":[],"product_cat":[315],"product_tag":[],"class_list":{"0":"post-4668","1":"product","2":"type-product","3":"status-publish","5":"product_cat-srebrne-i-pozlacene-ikone","7":"first","8":"instock","9":"purchasable","10":"product-type-simple"},"_links":{"self":[{"href":"https:\/\/orthodoxblessings.com\/sr\/wp-json\/wp\/v2\/product\/4668","targetHints":{"allow":["GET"]}}],"collection":[{"href":"https:\/\/orthodoxblessings.com\/sr\/wp-json\/wp\/v2\/product"}],"about":[{"href":"https:\/\/orthodoxblessings.com\/sr\/wp-json\/wp\/v2\/types\/product"}],"wp:attachment":[{"href":"https:\/\/orthodoxblessings.com\/sr\/wp-json\/wp\/v2\/media?parent=4668"}],"wp:term":[{"taxonomy":"product_brand","embeddable":true,"href":"https:\/\/orthodoxblessings.com\/sr\/wp-json\/wp\/v2\/product_brand?post=4668"},{"taxonomy":"product_cat","embeddable":true,"href":"https:\/\/orthodoxblessings.com\/sr\/wp-json\/wp\/v2\/product_cat?post=4668"},{"taxonomy":"product_tag","embeddable":true,"href":"https:\/\/orthodoxblessings.com\/sr\/wp-json\/wp\/v2\/product_tag?post=4668"}],"curies":[{"name":"wp","href":"https:\/\/api.w.org\/{rel}","templated":true}]}}