{"id":4667,"date":"2025-05-26T11:01:00","date_gmt":"2025-05-26T11:01:00","guid":{"rendered":"https:\/\/orthodoxblessings.com\/shop\/ikona-bogorodice\/"},"modified":"2025-05-26T11:01:00","modified_gmt":"2025-05-26T11:01:00","slug":"ikona-bogorodice","status":"publish","type":"product","link":"https:\/\/orthodoxblessings.com\/sr\/shop\/ikona-bogorodice\/","title":{"rendered":"Ikona Bogorodice"},"content":{"rendered":"<p>Ikona Presvete Bogorodice prikazuje Mariju, Majku Bo\u017eiju, kao izvor milosti i pomo\u0107i. Presveta Bogorodica je poznata po svojoj blagosti i za\u0161titi vernika. Ova ikona je savr\u0161ena za sve koji tra\u017ee utehu, mir i Bo\u017eiju pomo\u0107 u svom \u017eivotu. Ona predstavlja simvol Bo\u017eije ljubavi i brige za sve ljude.<\/p>\n","protected":false},"excerpt":{"rendered":"<p>Ikona Presvete Bogorodice prikazuje Mariju, Majku Bo\u017eiju, kao izvor milosti i pomo\u0107i. Presveta Bogorodica je poznata po svojoj blagosti i za\u0161titi vernika. Ova ikona je savr\u0161ena za sve koji tra\u017ee utehu, mir i Bo\u017eiju pomo\u0107 u svom \u017eivotu. Ona predstavlja simvol Bo\u017eije ljubavi i brige za sve ljude.<\/p>\n","protected":false},"featured_media":0,"template":"","meta":{"give_campaign_id":0},"product_brand":[],"product_cat":[344],"product_tag":[],"class_list":{"0":"post-4667","1":"product","2":"type-product","3":"status-publish","5":"product_cat-rucno-oslikane-ikone","7":"first","8":"outofstock","9":"purchasable","10":"product-type-simple"},"_links":{"self":[{"href":"https:\/\/orthodoxblessings.com\/sr\/wp-json\/wp\/v2\/product\/4667","targetHints":{"allow":["GET"]}}],"collection":[{"href":"https:\/\/orthodoxblessings.com\/sr\/wp-json\/wp\/v2\/product"}],"about":[{"href":"https:\/\/orthodoxblessings.com\/sr\/wp-json\/wp\/v2\/types\/product"}],"wp:attachment":[{"href":"https:\/\/orthodoxblessings.com\/sr\/wp-json\/wp\/v2\/media?parent=4667"}],"wp:term":[{"taxonomy":"product_brand","embeddable":true,"href":"https:\/\/orthodoxblessings.com\/sr\/wp-json\/wp\/v2\/product_brand?post=4667"},{"taxonomy":"product_cat","embeddable":true,"href":"https:\/\/orthodoxblessings.com\/sr\/wp-json\/wp\/v2\/product_cat?post=4667"},{"taxonomy":"product_tag","embeddable":true,"href":"https:\/\/orthodoxblessings.com\/sr\/wp-json\/wp\/v2\/product_tag?post=4667"}],"curies":[{"name":"wp","href":"https:\/\/api.w.org\/{rel}","templated":true}]}}