{"id":4666,"date":"2025-05-26T11:01:10","date_gmt":"2025-05-26T11:01:10","guid":{"rendered":"https:\/\/orthodoxblessings.com\/shop\/drveni-krstc-sa-zlatnim-i-srebrnim-detaljima\/"},"modified":"2025-05-26T11:01:10","modified_gmt":"2025-05-26T11:01:10","slug":"drveni-krstc-sa-zlatnim-i-srebrnim-detaljima","status":"publish","type":"product","link":"https:\/\/orthodoxblessings.com\/sr\/shop\/drveni-krstc-sa-zlatnim-i-srebrnim-detaljima\/","title":{"rendered":"Drveni Krst\u0107 sa zlatnim i srebrnim detaljima"},"content":{"rendered":"<p>Drveni krsti\u0107 sa zlatnim i srebrnim detaljima kombinovao je toplinu drveta sa hladnim metalima, \u0161to mu daje eleganciju i duhovnu vrednost. Ovaj krsti\u0107 je savr\u0161en za ljude koji \u017eele nositi ne\u0161to \u0161to simbolizuje i spoj tradicije i modernosti. <\/p>\n","protected":false},"excerpt":{"rendered":"<p>Drveni krsti\u0107 sa zlatnim i srebrnim detaljima kombinovao je toplinu drveta sa hladnim metalima, \u0161to mu daje eleganciju i duhovnu vrednost. Ovaj krsti\u0107 je savr\u0161en za ljude koji \u017eele nositi ne\u0161to \u0161to simbolizuje i spoj tradicije i modernosti.<\/p>\n","protected":false},"featured_media":0,"template":"","meta":{"give_campaign_id":0},"product_brand":[],"product_cat":[343],"product_tag":[],"class_list":{"0":"post-4666","1":"product","2":"type-product","3":"status-publish","5":"product_cat-krst-za-auto","7":"first","8":"outofstock","9":"purchasable","10":"product-type-simple"},"_links":{"self":[{"href":"https:\/\/orthodoxblessings.com\/sr\/wp-json\/wp\/v2\/product\/4666","targetHints":{"allow":["GET"]}}],"collection":[{"href":"https:\/\/orthodoxblessings.com\/sr\/wp-json\/wp\/v2\/product"}],"about":[{"href":"https:\/\/orthodoxblessings.com\/sr\/wp-json\/wp\/v2\/types\/product"}],"wp:attachment":[{"href":"https:\/\/orthodoxblessings.com\/sr\/wp-json\/wp\/v2\/media?parent=4666"}],"wp:term":[{"taxonomy":"product_brand","embeddable":true,"href":"https:\/\/orthodoxblessings.com\/sr\/wp-json\/wp\/v2\/product_brand?post=4666"},{"taxonomy":"product_cat","embeddable":true,"href":"https:\/\/orthodoxblessings.com\/sr\/wp-json\/wp\/v2\/product_cat?post=4666"},{"taxonomy":"product_tag","embeddable":true,"href":"https:\/\/orthodoxblessings.com\/sr\/wp-json\/wp\/v2\/product_tag?post=4666"}],"curies":[{"name":"wp","href":"https:\/\/api.w.org\/{rel}","templated":true}]}}