{"id":4663,"date":"2025-05-26T11:01:10","date_gmt":"2025-05-26T11:01:10","guid":{"rendered":"https:\/\/orthodoxblessings.com\/shop\/sveta-voda-i-ulje-sv-petka\/"},"modified":"2025-05-26T11:01:10","modified_gmt":"2025-05-26T11:01:10","slug":"sveta-voda-i-ulje-sv-petka","status":"publish","type":"product","link":"https:\/\/orthodoxblessings.com\/sr\/shop\/sveta-voda-i-ulje-sv-petka\/","title":{"rendered":"Sveta voda i ulje Sv.Petka"},"content":{"rendered":"<p>Sveta voda i ulje posve\u0107eni Sv. Petki donose duhovnu snagu i isceljenje. Ovaj sveti dar koristi se za molitvu, pomazanje i blagoslov, pru\u017eaju\u0107i utehu i veru u svakodnevnom \u017eivotu.<\/p>\n","protected":false},"excerpt":{"rendered":"<p>Sveta voda i ulje posve\u0107eni Sv. Petki donose duhovnu snagu i isceljenje. Ovaj sveti dar koristi se za molitvu, pomazanje i blagoslov, pru\u017eaju\u0107i utehu i veru u svakodnevnom \u017eivotu.<\/p>\n","protected":false},"featured_media":3813,"template":"","meta":{"give_campaign_id":0},"product_brand":[],"product_cat":[329],"product_tag":[],"class_list":{"0":"post-4663","1":"product","2":"type-product","3":"status-publish","4":"has-post-thumbnail","6":"product_cat-flasirana-sveta-vodica","8":"first","9":"instock","10":"purchasable","11":"product-type-simple"},"_links":{"self":[{"href":"https:\/\/orthodoxblessings.com\/sr\/wp-json\/wp\/v2\/product\/4663","targetHints":{"allow":["GET"]}}],"collection":[{"href":"https:\/\/orthodoxblessings.com\/sr\/wp-json\/wp\/v2\/product"}],"about":[{"href":"https:\/\/orthodoxblessings.com\/sr\/wp-json\/wp\/v2\/types\/product"}],"wp:featuredmedia":[{"embeddable":true,"href":"https:\/\/orthodoxblessings.com\/sr\/wp-json\/wp\/v2\/media\/3813"}],"wp:attachment":[{"href":"https:\/\/orthodoxblessings.com\/sr\/wp-json\/wp\/v2\/media?parent=4663"}],"wp:term":[{"taxonomy":"product_brand","embeddable":true,"href":"https:\/\/orthodoxblessings.com\/sr\/wp-json\/wp\/v2\/product_brand?post=4663"},{"taxonomy":"product_cat","embeddable":true,"href":"https:\/\/orthodoxblessings.com\/sr\/wp-json\/wp\/v2\/product_cat?post=4663"},{"taxonomy":"product_tag","embeddable":true,"href":"https:\/\/orthodoxblessings.com\/sr\/wp-json\/wp\/v2\/product_tag?post=4663"}],"curies":[{"name":"wp","href":"https:\/\/api.w.org\/{rel}","templated":true}]}}