{"id":4660,"date":"2025-05-26T11:01:10","date_gmt":"2025-05-26T11:01:10","guid":{"rendered":"https:\/\/orthodoxblessings.com\/shop\/privezak-za-auto-ikonica-sv-jovan-krstitelj\/"},"modified":"2025-05-26T11:01:10","modified_gmt":"2025-05-26T11:01:10","slug":"privezak-za-auto-ikonica-sv-jovan-krstitelj","status":"publish","type":"product","link":"https:\/\/orthodoxblessings.com\/sr\/shop\/privezak-za-auto-ikonica-sv-jovan-krstitelj\/","title":{"rendered":"Privezak za auto Ikonica Sv.Jovan Krstitelj"},"content":{"rendered":"<p>Ovaj privezak sa ikonom Sv. Jovana Krstitelja predstavlja simbol duhovne \u010distote i snage. Nosi se kao za\u0161tita i molitveni podsetnik za sve koji \u017eele mir i Bo\u017eju pomo\u0107 tokom svojih putovanja.<\/p>\n","protected":false},"excerpt":{"rendered":"<p>Ovaj privezak sa ikonom Sv. Jovana Krstitelja predstavlja simbol duhovne \u010distote i snage. Nosi se kao za\u0161tita i molitveni podsetnik za sve koji \u017eele mir i Bo\u017eju pomo\u0107 tokom svojih putovanja.<\/p>\n","protected":false},"featured_media":0,"template":"","meta":{"give_campaign_id":0},"product_brand":[],"product_cat":[343],"product_tag":[],"class_list":{"0":"post-4660","1":"product","2":"type-product","3":"status-publish","5":"product_cat-krst-za-auto","7":"first","8":"instock","9":"purchasable","10":"product-type-simple"},"_links":{"self":[{"href":"https:\/\/orthodoxblessings.com\/sr\/wp-json\/wp\/v2\/product\/4660","targetHints":{"allow":["GET"]}}],"collection":[{"href":"https:\/\/orthodoxblessings.com\/sr\/wp-json\/wp\/v2\/product"}],"about":[{"href":"https:\/\/orthodoxblessings.com\/sr\/wp-json\/wp\/v2\/types\/product"}],"wp:attachment":[{"href":"https:\/\/orthodoxblessings.com\/sr\/wp-json\/wp\/v2\/media?parent=4660"}],"wp:term":[{"taxonomy":"product_brand","embeddable":true,"href":"https:\/\/orthodoxblessings.com\/sr\/wp-json\/wp\/v2\/product_brand?post=4660"},{"taxonomy":"product_cat","embeddable":true,"href":"https:\/\/orthodoxblessings.com\/sr\/wp-json\/wp\/v2\/product_cat?post=4660"},{"taxonomy":"product_tag","embeddable":true,"href":"https:\/\/orthodoxblessings.com\/sr\/wp-json\/wp\/v2\/product_tag?post=4660"}],"curies":[{"name":"wp","href":"https:\/\/api.w.org\/{rel}","templated":true}]}}