{"id":4659,"date":"2025-05-26T11:01:10","date_gmt":"2025-05-26T11:01:10","guid":{"rendered":"https:\/\/orthodoxblessings.com\/shop\/privezak-za-auto-ruski-krstic-sa-isusom-hristom\/"},"modified":"2025-05-26T11:01:10","modified_gmt":"2025-05-26T11:01:10","slug":"privezak-za-auto-ruski-krstic-sa-isusom-hristom","status":"publish","type":"product","link":"https:\/\/orthodoxblessings.com\/sr\/shop\/privezak-za-auto-ruski-krstic-sa-isusom-hristom\/","title":{"rendered":"Privezak za auto Ruski Krsti\u0107 sa Isusom Hristom"},"content":{"rendered":"<p>Ovaj ruski krsti\u0107 sa likom Isusa Hrista je posebno osmi\u0161ljen kao za\u0161tita za voza\u010de. Njegov detaljan dizajn i tradicionalni izgled \u010dine ga idealnim saputnikom u svakom vozilu, donose\u0107i mir i blagoslov na svakom putovanju. <\/p>\n","protected":false},"excerpt":{"rendered":"<p>Ovaj ruski krsti\u0107 sa likom Isusa Hrista je posebno osmi\u0161ljen kao za\u0161tita za voza\u010de. Njegov detaljan dizajn i tradicionalni izgled \u010dine ga idealnim saputnikom u svakom vozilu, donose\u0107i mir i blagoslov na svakom putovanju.<\/p>\n","protected":false},"featured_media":3811,"template":"","meta":{"give_campaign_id":0},"product_brand":[],"product_cat":[343],"product_tag":[],"class_list":{"0":"post-4659","1":"product","2":"type-product","3":"status-publish","4":"has-post-thumbnail","6":"product_cat-krst-za-auto","8":"first","9":"instock","10":"purchasable","11":"product-type-simple"},"_links":{"self":[{"href":"https:\/\/orthodoxblessings.com\/sr\/wp-json\/wp\/v2\/product\/4659","targetHints":{"allow":["GET"]}}],"collection":[{"href":"https:\/\/orthodoxblessings.com\/sr\/wp-json\/wp\/v2\/product"}],"about":[{"href":"https:\/\/orthodoxblessings.com\/sr\/wp-json\/wp\/v2\/types\/product"}],"wp:featuredmedia":[{"embeddable":true,"href":"https:\/\/orthodoxblessings.com\/sr\/wp-json\/wp\/v2\/media\/3811"}],"wp:attachment":[{"href":"https:\/\/orthodoxblessings.com\/sr\/wp-json\/wp\/v2\/media?parent=4659"}],"wp:term":[{"taxonomy":"product_brand","embeddable":true,"href":"https:\/\/orthodoxblessings.com\/sr\/wp-json\/wp\/v2\/product_brand?post=4659"},{"taxonomy":"product_cat","embeddable":true,"href":"https:\/\/orthodoxblessings.com\/sr\/wp-json\/wp\/v2\/product_cat?post=4659"},{"taxonomy":"product_tag","embeddable":true,"href":"https:\/\/orthodoxblessings.com\/sr\/wp-json\/wp\/v2\/product_tag?post=4659"}],"curies":[{"name":"wp","href":"https:\/\/api.w.org\/{rel}","templated":true}]}}