{"id":4658,"date":"2025-05-26T11:01:10","date_gmt":"2025-05-26T11:01:10","guid":{"rendered":"https:\/\/orthodoxblessings.com\/shop\/drveni-krstic-u-kombiciji-gravure-i-laserske-gravure-sa-ruskim-krstom-po-sredini\/"},"modified":"2025-05-26T11:01:10","modified_gmt":"2025-05-26T11:01:10","slug":"drveni-krstic-u-kombiciji-gravure-i-laserske-gravure-sa-ruskim-krstom-po-sredini","status":"publish","type":"product","link":"https:\/\/orthodoxblessings.com\/sr\/shop\/drveni-krstic-u-kombiciji-gravure-i-laserske-gravure-sa-ruskim-krstom-po-sredini\/","title":{"rendered":"Drveni Krsti\u0107 u kombiciji gravure i laserske gravure, sa ruskim krstom po sredini"},"content":{"rendered":"<p>Ovaj jedinstveni drveni krsti\u0107 kombinuje tradicionalnu ru\u010dnu izradu sa modernom laserskom gravurom. U sredi\u0161tu je ruski krst, koji simbolizuje sna\u017enu veru i za\u0161titu. Savr\u0161en je kao duhovni ukras ili kao poklon za voljenu osobu.  <\/p>\n","protected":false},"excerpt":{"rendered":"<p>Ovaj jedinstveni drveni krsti\u0107 kombinuje tradicionalnu ru\u010dnu izradu sa modernom laserskom gravurom. U sredi\u0161tu je ruski krst, koji simbolizuje sna\u017enu veru i za\u0161titu. Savr\u0161en je kao duhovni ukras ili kao poklon za voljenu osobu.<\/p>\n","protected":false},"featured_media":0,"template":"","meta":{"give_campaign_id":0},"product_brand":[],"product_cat":[343],"product_tag":[],"class_list":{"0":"post-4658","1":"product","2":"type-product","3":"status-publish","5":"product_cat-krst-za-auto","7":"first","8":"instock","9":"purchasable","10":"product-type-simple"},"_links":{"self":[{"href":"https:\/\/orthodoxblessings.com\/sr\/wp-json\/wp\/v2\/product\/4658","targetHints":{"allow":["GET"]}}],"collection":[{"href":"https:\/\/orthodoxblessings.com\/sr\/wp-json\/wp\/v2\/product"}],"about":[{"href":"https:\/\/orthodoxblessings.com\/sr\/wp-json\/wp\/v2\/types\/product"}],"wp:attachment":[{"href":"https:\/\/orthodoxblessings.com\/sr\/wp-json\/wp\/v2\/media?parent=4658"}],"wp:term":[{"taxonomy":"product_brand","embeddable":true,"href":"https:\/\/orthodoxblessings.com\/sr\/wp-json\/wp\/v2\/product_brand?post=4658"},{"taxonomy":"product_cat","embeddable":true,"href":"https:\/\/orthodoxblessings.com\/sr\/wp-json\/wp\/v2\/product_cat?post=4658"},{"taxonomy":"product_tag","embeddable":true,"href":"https:\/\/orthodoxblessings.com\/sr\/wp-json\/wp\/v2\/product_tag?post=4658"}],"curies":[{"name":"wp","href":"https:\/\/api.w.org\/{rel}","templated":true}]}}