{"id":4657,"date":"2025-05-26T11:01:10","date_gmt":"2025-05-26T11:01:10","guid":{"rendered":"https:\/\/orthodoxblessings.com\/shop\/drveni-krstic-sa-gravurom-i-ikonom-isusa-hrista\/"},"modified":"2025-05-26T11:01:10","modified_gmt":"2025-05-26T11:01:10","slug":"drveni-krstic-sa-gravurom-i-ikonom-isusa-hrista","status":"publish","type":"product","link":"https:\/\/orthodoxblessings.com\/sr\/shop\/drveni-krstic-sa-gravurom-i-ikonom-isusa-hrista\/","title":{"rendered":"Drveni krsti\u0107 sa gravurom i ikonom Isusa Hrista"},"content":{"rendered":"<p>Ru\u010dno izra\u0111en drveni krsti\u0107 sa preciznom gravurom i ikonom Isusa Hrista predstavlja savr\u0161en duhovni amulet za sve voza\u010de. Uz molitvu za siguran put, ovaj privezak \u0107e vas podse\u0107ati na Bo\u017eju milost i \u010duvati vas od nevolja na putovanjima. <\/p>\n","protected":false},"excerpt":{"rendered":"<p>Ru\u010dno izra\u0111en drveni krsti\u0107 sa preciznom gravurom i ikonom Isusa Hrista predstavlja savr\u0161en duhovni amulet za sve voza\u010de. Uz molitvu za siguran put, ovaj privezak \u0107e vas podse\u0107ati na Bo\u017eju milost i \u010duvati vas od nevolja na putovanjima.<\/p>\n","protected":false},"featured_media":3807,"template":"","meta":{"give_campaign_id":0},"product_brand":[],"product_cat":[343],"product_tag":[],"class_list":{"0":"post-4657","1":"product","2":"type-product","3":"status-publish","4":"has-post-thumbnail","6":"product_cat-krst-za-auto","8":"first","9":"outofstock","10":"purchasable","11":"product-type-simple"},"_links":{"self":[{"href":"https:\/\/orthodoxblessings.com\/sr\/wp-json\/wp\/v2\/product\/4657","targetHints":{"allow":["GET"]}}],"collection":[{"href":"https:\/\/orthodoxblessings.com\/sr\/wp-json\/wp\/v2\/product"}],"about":[{"href":"https:\/\/orthodoxblessings.com\/sr\/wp-json\/wp\/v2\/types\/product"}],"wp:featuredmedia":[{"embeddable":true,"href":"https:\/\/orthodoxblessings.com\/sr\/wp-json\/wp\/v2\/media\/3807"}],"wp:attachment":[{"href":"https:\/\/orthodoxblessings.com\/sr\/wp-json\/wp\/v2\/media?parent=4657"}],"wp:term":[{"taxonomy":"product_brand","embeddable":true,"href":"https:\/\/orthodoxblessings.com\/sr\/wp-json\/wp\/v2\/product_brand?post=4657"},{"taxonomy":"product_cat","embeddable":true,"href":"https:\/\/orthodoxblessings.com\/sr\/wp-json\/wp\/v2\/product_cat?post=4657"},{"taxonomy":"product_tag","embeddable":true,"href":"https:\/\/orthodoxblessings.com\/sr\/wp-json\/wp\/v2\/product_tag?post=4657"}],"curies":[{"name":"wp","href":"https:\/\/api.w.org\/{rel}","templated":true}]}}