{"id":4656,"date":"2025-05-26T11:01:10","date_gmt":"2025-05-26T11:01:10","guid":{"rendered":"https:\/\/orthodoxblessings.com\/shop\/metalni-privezak-sa-ikonom-sv-nektarija\/"},"modified":"2025-05-26T11:01:10","modified_gmt":"2025-05-26T11:01:10","slug":"metalni-privezak-sa-ikonom-sv-nektarija","status":"publish","type":"product","link":"https:\/\/orthodoxblessings.com\/sr\/shop\/metalni-privezak-sa-ikonom-sv-nektarija\/","title":{"rendered":"Metalni privezak sa ikonom Sv.Nektarija"},"content":{"rendered":"<p>Elegantan metalni privezak sa precizno izra\u0111enom ikonom Svetog Nektarija, za\u0161titnika obolelih i onih koji tra\u017ee duhovnu utehu. Savr\u0161en je za voza\u010de, putnike i sve koji \u017eele da osete blagoslov i za\u0161titu ovog velikog svetitelja. Idealan kao poklon ili li\u010dni duhovni predmet.<\/p>\n","protected":false},"excerpt":{"rendered":"<p>Elegantan metalni privezak sa precizno izra\u0111enom ikonom Svetog Nektarija, za\u0161titnika obolelih i onih koji tra\u017ee duhovnu utehu. Savr\u0161en je za voza\u010de, putnike i sve koji \u017eele da osete blagoslov i za\u0161titu ovog velikog svetitelja. Idealan kao poklon ili li\u010dni duhovni predmet.<\/p>\n","protected":false},"featured_media":3805,"template":"","meta":{"give_campaign_id":0},"product_brand":[],"product_cat":[343],"product_tag":[],"class_list":{"0":"post-4656","1":"product","2":"type-product","3":"status-publish","4":"has-post-thumbnail","6":"product_cat-krst-za-auto","8":"first","9":"instock","10":"purchasable","11":"product-type-simple"},"_links":{"self":[{"href":"https:\/\/orthodoxblessings.com\/sr\/wp-json\/wp\/v2\/product\/4656","targetHints":{"allow":["GET"]}}],"collection":[{"href":"https:\/\/orthodoxblessings.com\/sr\/wp-json\/wp\/v2\/product"}],"about":[{"href":"https:\/\/orthodoxblessings.com\/sr\/wp-json\/wp\/v2\/types\/product"}],"wp:featuredmedia":[{"embeddable":true,"href":"https:\/\/orthodoxblessings.com\/sr\/wp-json\/wp\/v2\/media\/3805"}],"wp:attachment":[{"href":"https:\/\/orthodoxblessings.com\/sr\/wp-json\/wp\/v2\/media?parent=4656"}],"wp:term":[{"taxonomy":"product_brand","embeddable":true,"href":"https:\/\/orthodoxblessings.com\/sr\/wp-json\/wp\/v2\/product_brand?post=4656"},{"taxonomy":"product_cat","embeddable":true,"href":"https:\/\/orthodoxblessings.com\/sr\/wp-json\/wp\/v2\/product_cat?post=4656"},{"taxonomy":"product_tag","embeddable":true,"href":"https:\/\/orthodoxblessings.com\/sr\/wp-json\/wp\/v2\/product_tag?post=4656"}],"curies":[{"name":"wp","href":"https:\/\/api.w.org\/{rel}","templated":true}]}}