{"id":4653,"date":"2025-05-26T11:01:10","date_gmt":"2025-05-26T11:01:10","guid":{"rendered":"https:\/\/orthodoxblessings.com\/shop\/privezak-krstic-za-auto-braon-boje-sa-ostrim-ivicama-duboreza\/"},"modified":"2025-05-26T11:01:10","modified_gmt":"2025-05-26T11:01:10","slug":"privezak-krstic-za-auto-braon-boje-sa-ostrim-ivicama-duboreza","status":"publish","type":"product","link":"https:\/\/orthodoxblessings.com\/sr\/shop\/privezak-krstic-za-auto-braon-boje-sa-ostrim-ivicama-duboreza\/","title":{"rendered":"Privezak Krsti\u0107 za auto braon boje sa o\u0161trim ivicama duboreza"},"content":{"rendered":"<p>Ovaj privezak za auto sa braon bojom i o\u0161trim ivicama duboreza ima moderan izgled, ali zadr\u017eava duboko duhovno zna\u010denje. Njegova \u010dvrstina i izgled dodaju dubinu njegovoj funkcionalnosti kao amuleta za za\u0161titu na putu. <\/p>\n","protected":false},"excerpt":{"rendered":"<p>Ovaj privezak za auto sa braon bojom i o\u0161trim ivicama duboreza ima moderan izgled, ali zadr\u017eava duboko duhovno zna\u010denje. Njegova \u010dvrstina i izgled dodaju dubinu njegovoj funkcionalnosti kao amuleta za za\u0161titu na putu.<\/p>\n","protected":false},"featured_media":3803,"template":"","meta":{"give_campaign_id":0},"product_brand":[],"product_cat":[343],"product_tag":[],"class_list":{"0":"post-4653","1":"product","2":"type-product","3":"status-publish","4":"has-post-thumbnail","6":"product_cat-krst-za-auto","8":"first","9":"instock","10":"purchasable","11":"product-type-simple"},"_links":{"self":[{"href":"https:\/\/orthodoxblessings.com\/sr\/wp-json\/wp\/v2\/product\/4653","targetHints":{"allow":["GET"]}}],"collection":[{"href":"https:\/\/orthodoxblessings.com\/sr\/wp-json\/wp\/v2\/product"}],"about":[{"href":"https:\/\/orthodoxblessings.com\/sr\/wp-json\/wp\/v2\/types\/product"}],"wp:featuredmedia":[{"embeddable":true,"href":"https:\/\/orthodoxblessings.com\/sr\/wp-json\/wp\/v2\/media\/3803"}],"wp:attachment":[{"href":"https:\/\/orthodoxblessings.com\/sr\/wp-json\/wp\/v2\/media?parent=4653"}],"wp:term":[{"taxonomy":"product_brand","embeddable":true,"href":"https:\/\/orthodoxblessings.com\/sr\/wp-json\/wp\/v2\/product_brand?post=4653"},{"taxonomy":"product_cat","embeddable":true,"href":"https:\/\/orthodoxblessings.com\/sr\/wp-json\/wp\/v2\/product_cat?post=4653"},{"taxonomy":"product_tag","embeddable":true,"href":"https:\/\/orthodoxblessings.com\/sr\/wp-json\/wp\/v2\/product_tag?post=4653"}],"curies":[{"name":"wp","href":"https:\/\/api.w.org\/{rel}","templated":true}]}}