{"id":4652,"date":"2025-05-26T11:01:10","date_gmt":"2025-05-26T11:01:10","guid":{"rendered":"https:\/\/orthodoxblessings.com\/shop\/privezak-krstic-sa-crvenim-staklom-i-srebrnim-ivicama\/"},"modified":"2025-05-26T11:01:10","modified_gmt":"2025-05-26T11:01:10","slug":"privezak-krstic-sa-crvenim-staklom-i-srebrnim-ivicama","status":"publish","type":"product","link":"https:\/\/orthodoxblessings.com\/sr\/shop\/privezak-krstic-sa-crvenim-staklom-i-srebrnim-ivicama\/","title":{"rendered":"Privezak Krsti\u0107 sa crvenim staklom i srebrnim ivicama"},"content":{"rendered":"<p>Ovaj privezak krsti\u0107 sa crvenim staklom i srebrnim ivicama predstavlja elegantan i duhovni komad. Crveno staklo simbolizuje \u017ertvu i stradanje, dok srebrne ivice dodaju suptilnu lepotu i eleganciju. <\/p>\n","protected":false},"excerpt":{"rendered":"<p>Ovaj privezak krsti\u0107 sa crvenim staklom i srebrnim ivicama predstavlja elegantan i duhovni komad. Crveno staklo simbolizuje \u017ertvu i stradanje, dok srebrne ivice dodaju suptilnu lepotu i eleganciju.<\/p>\n","protected":false},"featured_media":3799,"template":"","meta":{"give_campaign_id":0},"product_brand":[],"product_cat":[343],"product_tag":[],"class_list":{"0":"post-4652","1":"product","2":"type-product","3":"status-publish","4":"has-post-thumbnail","6":"product_cat-krst-za-auto","8":"first","9":"instock","10":"purchasable","11":"product-type-simple"},"_links":{"self":[{"href":"https:\/\/orthodoxblessings.com\/sr\/wp-json\/wp\/v2\/product\/4652","targetHints":{"allow":["GET"]}}],"collection":[{"href":"https:\/\/orthodoxblessings.com\/sr\/wp-json\/wp\/v2\/product"}],"about":[{"href":"https:\/\/orthodoxblessings.com\/sr\/wp-json\/wp\/v2\/types\/product"}],"wp:featuredmedia":[{"embeddable":true,"href":"https:\/\/orthodoxblessings.com\/sr\/wp-json\/wp\/v2\/media\/3799"}],"wp:attachment":[{"href":"https:\/\/orthodoxblessings.com\/sr\/wp-json\/wp\/v2\/media?parent=4652"}],"wp:term":[{"taxonomy":"product_brand","embeddable":true,"href":"https:\/\/orthodoxblessings.com\/sr\/wp-json\/wp\/v2\/product_brand?post=4652"},{"taxonomy":"product_cat","embeddable":true,"href":"https:\/\/orthodoxblessings.com\/sr\/wp-json\/wp\/v2\/product_cat?post=4652"},{"taxonomy":"product_tag","embeddable":true,"href":"https:\/\/orthodoxblessings.com\/sr\/wp-json\/wp\/v2\/product_tag?post=4652"}],"curies":[{"name":"wp","href":"https:\/\/api.w.org\/{rel}","templated":true}]}}