{"id":4651,"date":"2025-05-26T11:01:10","date_gmt":"2025-05-26T11:01:10","guid":{"rendered":"https:\/\/orthodoxblessings.com\/shop\/privezak-krstic-sa-isusom-hristom-i-molitvom\/"},"modified":"2025-12-09T14:31:34","modified_gmt":"2025-12-09T14:31:34","slug":"privezak-za-auto-krstic-sa-isusom-hristom-drvo-i-metal","status":"publish","type":"product","link":"https:\/\/orthodoxblessings.com\/sr\/shop\/privezak-za-auto-krstic-sa-isusom-hristom-drvo-i-metal\/","title":{"rendered":"Privezak za auto krsti\u0107 sa Isusom Hristom drvo i metal"},"content":{"rendered":"<p>Privezak za auto krsti\u0107 sa Isusom Hristom i molitvom pru\u017ea duhovnu utehu i za\u0161titu. Isus kao centralna figura na ovom krsti\u0107u podse\u0107a na Hristovu ljubav i \u017ertvu za spas \u010dove\u010danstva.<\/p>\n","protected":false},"excerpt":{"rendered":"<p>Privezak za auto krsti\u0107 sa Isusom Hristom i molitvom pru\u017ea duhovnu utehu i za\u0161titu. Isus kao centralna figura na ovom krsti\u0107u podse\u0107a na Hristovu ljubav i \u017ertvu za spas \u010dove\u010danstva.<\/p>\n","protected":false},"featured_media":6947,"template":"","meta":{"give_campaign_id":0},"product_brand":[],"product_cat":[343],"product_tag":[],"class_list":{"0":"post-4651","1":"product","2":"type-product","3":"status-publish","4":"has-post-thumbnail","6":"product_cat-krst-za-auto","8":"first","9":"instock","10":"purchasable","11":"product-type-simple"},"_links":{"self":[{"href":"https:\/\/orthodoxblessings.com\/sr\/wp-json\/wp\/v2\/product\/4651","targetHints":{"allow":["GET"]}}],"collection":[{"href":"https:\/\/orthodoxblessings.com\/sr\/wp-json\/wp\/v2\/product"}],"about":[{"href":"https:\/\/orthodoxblessings.com\/sr\/wp-json\/wp\/v2\/types\/product"}],"wp:featuredmedia":[{"embeddable":true,"href":"https:\/\/orthodoxblessings.com\/sr\/wp-json\/wp\/v2\/media\/6947"}],"wp:attachment":[{"href":"https:\/\/orthodoxblessings.com\/sr\/wp-json\/wp\/v2\/media?parent=4651"}],"wp:term":[{"taxonomy":"product_brand","embeddable":true,"href":"https:\/\/orthodoxblessings.com\/sr\/wp-json\/wp\/v2\/product_brand?post=4651"},{"taxonomy":"product_cat","embeddable":true,"href":"https:\/\/orthodoxblessings.com\/sr\/wp-json\/wp\/v2\/product_cat?post=4651"},{"taxonomy":"product_tag","embeddable":true,"href":"https:\/\/orthodoxblessings.com\/sr\/wp-json\/wp\/v2\/product_tag?post=4651"}],"curies":[{"name":"wp","href":"https:\/\/api.w.org\/{rel}","templated":true}]}}