{"id":4649,"date":"2025-05-26T11:01:10","date_gmt":"2025-05-26T11:01:10","guid":{"rendered":"https:\/\/orthodoxblessings.com\/shop\/privezak-krstic-za-auto-sa-duborezom-i-molitvom\/"},"modified":"2025-12-09T13:34:13","modified_gmt":"2025-12-09T13:34:13","slug":"privezak-krstic-za-auto-sa-duborezom-i-molitvom","status":"publish","type":"product","link":"https:\/\/orthodoxblessings.com\/sr\/shop\/privezak-krstic-za-auto-sa-duborezom-i-molitvom\/","title":{"rendered":"Privezak Krsti\u0107 sa oblim ivicama za auto sa duborezom i molitvom"},"content":{"rendered":"<p>Privezak krsti\u0107 za auto koji sadr\u017ei duborez i molitvu dodaje dodatnu duhovnu snagu. Molitva u kombinovanoj formi sa duborezom \u010dini ovaj privezak posebnim za\u0161titnikom na putu.<\/p>\n","protected":false},"excerpt":{"rendered":"<p>Privezak krsti\u0107 za auto koji sadr\u017ei duborez i molitvu dodaje dodatnu duhovnu snagu. Molitva u kombinovanoj formi sa duborezom \u010dini ovaj privezak posebnim za\u0161titnikom na putu.<\/p>\n","protected":false},"featured_media":6920,"template":"","meta":{"give_campaign_id":0},"product_brand":[],"product_cat":[343],"product_tag":[],"class_list":{"0":"post-4649","1":"product","2":"type-product","3":"status-publish","4":"has-post-thumbnail","6":"product_cat-krst-za-auto","8":"first","9":"instock","10":"purchasable","11":"product-type-simple"},"_links":{"self":[{"href":"https:\/\/orthodoxblessings.com\/sr\/wp-json\/wp\/v2\/product\/4649","targetHints":{"allow":["GET"]}}],"collection":[{"href":"https:\/\/orthodoxblessings.com\/sr\/wp-json\/wp\/v2\/product"}],"about":[{"href":"https:\/\/orthodoxblessings.com\/sr\/wp-json\/wp\/v2\/types\/product"}],"wp:featuredmedia":[{"embeddable":true,"href":"https:\/\/orthodoxblessings.com\/sr\/wp-json\/wp\/v2\/media\/6920"}],"wp:attachment":[{"href":"https:\/\/orthodoxblessings.com\/sr\/wp-json\/wp\/v2\/media?parent=4649"}],"wp:term":[{"taxonomy":"product_brand","embeddable":true,"href":"https:\/\/orthodoxblessings.com\/sr\/wp-json\/wp\/v2\/product_brand?post=4649"},{"taxonomy":"product_cat","embeddable":true,"href":"https:\/\/orthodoxblessings.com\/sr\/wp-json\/wp\/v2\/product_cat?post=4649"},{"taxonomy":"product_tag","embeddable":true,"href":"https:\/\/orthodoxblessings.com\/sr\/wp-json\/wp\/v2\/product_tag?post=4649"}],"curies":[{"name":"wp","href":"https:\/\/api.w.org\/{rel}","templated":true}]}}