{"id":4648,"date":"2025-05-26T11:01:10","date_gmt":"2025-05-26T11:01:10","guid":{"rendered":"https:\/\/orthodoxblessings.com\/shop\/zidni-sat-sv-nikola\/"},"modified":"2025-05-26T11:01:10","modified_gmt":"2025-05-26T11:01:10","slug":"zidni-sat-sv-nikola","status":"publish","type":"product","link":"https:\/\/orthodoxblessings.com\/sr\/shop\/zidni-sat-sv-nikola\/","title":{"rendered":"Zidni sat Sv.Nikola"},"content":{"rendered":"<p>Zidni sat sa prikazom Svetog Nikole predstavlja savr\u0161enu kombinaciju prakti\u010dnog predmeta i duhovnog simvola. Sv. Nikola, kao za\u0161titnik, donosi blagoslov i mir, dok sat slu\u017ei kao podsetnik na ve\u010dno vreme Bo\u017eje.<\/p>\n","protected":false},"excerpt":{"rendered":"<p>Zidni sat sa prikazom Svetog Nikole predstavlja savr\u0161enu kombinaciju prakti\u010dnog predmeta i duhovnog simvola. Sv. Nikola, kao za\u0161titnik, donosi blagoslov i mir, dok sat slu\u017ei kao podsetnik na ve\u010dno vreme Bo\u017eje.<\/p>\n","protected":false},"featured_media":0,"template":"","meta":{"give_campaign_id":0},"product_brand":[],"product_cat":[321],"product_tag":[],"class_list":{"0":"post-4648","1":"product","2":"type-product","3":"status-publish","5":"product_cat-pokloni","7":"first","8":"outofstock","9":"purchasable","10":"product-type-simple"},"_links":{"self":[{"href":"https:\/\/orthodoxblessings.com\/sr\/wp-json\/wp\/v2\/product\/4648","targetHints":{"allow":["GET"]}}],"collection":[{"href":"https:\/\/orthodoxblessings.com\/sr\/wp-json\/wp\/v2\/product"}],"about":[{"href":"https:\/\/orthodoxblessings.com\/sr\/wp-json\/wp\/v2\/types\/product"}],"wp:attachment":[{"href":"https:\/\/orthodoxblessings.com\/sr\/wp-json\/wp\/v2\/media?parent=4648"}],"wp:term":[{"taxonomy":"product_brand","embeddable":true,"href":"https:\/\/orthodoxblessings.com\/sr\/wp-json\/wp\/v2\/product_brand?post=4648"},{"taxonomy":"product_cat","embeddable":true,"href":"https:\/\/orthodoxblessings.com\/sr\/wp-json\/wp\/v2\/product_cat?post=4648"},{"taxonomy":"product_tag","embeddable":true,"href":"https:\/\/orthodoxblessings.com\/sr\/wp-json\/wp\/v2\/product_tag?post=4648"}],"curies":[{"name":"wp","href":"https:\/\/api.w.org\/{rel}","templated":true}]}}