{"id":4644,"date":"2025-05-26T11:01:22","date_gmt":"2025-05-26T11:01:22","guid":{"rendered":"https:\/\/orthodoxblessings.com\/shop\/zidno-kandilo-zlatno-4\/"},"modified":"2025-05-26T11:01:22","modified_gmt":"2025-05-26T11:01:22","slug":"zidno-kandilo-zlatno-4","status":"publish","type":"product","link":"https:\/\/orthodoxblessings.com\/sr\/shop\/zidno-kandilo-zlatno-4\/","title":{"rendered":"Zidno kandilo zlatno"},"content":{"rendered":"<p>Prekrasno izra\u0111eno zlatno zidno kandilo, ukra\u0161eno finim detaljima koji daju sve\u010dan i topao izgled svakom domu ili hramu. Dizajnirano da nosi plamen vere i svetlosti, idealno za molitveni kutak.<\/p>\n","protected":false},"excerpt":{"rendered":"<p>Prekrasno izra\u0111eno zlatno zidno kandilo, ukra\u0161eno finim detaljima koji daju sve\u010dan i topao izgled svakom domu ili hramu. Dizajnirano da nosi plamen vere i svetlosti, idealno za molitveni kutak.<\/p>\n","protected":false},"featured_media":6819,"template":"","meta":{"give_campaign_id":0},"product_brand":[],"product_cat":[335],"product_tag":[],"class_list":{"0":"post-4644","1":"product","2":"type-product","3":"status-publish","4":"has-post-thumbnail","6":"product_cat-kandila","8":"first","9":"instock","10":"purchasable","11":"product-type-simple"},"_links":{"self":[{"href":"https:\/\/orthodoxblessings.com\/sr\/wp-json\/wp\/v2\/product\/4644","targetHints":{"allow":["GET"]}}],"collection":[{"href":"https:\/\/orthodoxblessings.com\/sr\/wp-json\/wp\/v2\/product"}],"about":[{"href":"https:\/\/orthodoxblessings.com\/sr\/wp-json\/wp\/v2\/types\/product"}],"wp:featuredmedia":[{"embeddable":true,"href":"https:\/\/orthodoxblessings.com\/sr\/wp-json\/wp\/v2\/media\/6819"}],"wp:attachment":[{"href":"https:\/\/orthodoxblessings.com\/sr\/wp-json\/wp\/v2\/media?parent=4644"}],"wp:term":[{"taxonomy":"product_brand","embeddable":true,"href":"https:\/\/orthodoxblessings.com\/sr\/wp-json\/wp\/v2\/product_brand?post=4644"},{"taxonomy":"product_cat","embeddable":true,"href":"https:\/\/orthodoxblessings.com\/sr\/wp-json\/wp\/v2\/product_cat?post=4644"},{"taxonomy":"product_tag","embeddable":true,"href":"https:\/\/orthodoxblessings.com\/sr\/wp-json\/wp\/v2\/product_tag?post=4644"}],"curies":[{"name":"wp","href":"https:\/\/api.w.org\/{rel}","templated":true}]}}