{"id":4643,"date":"2025-05-26T11:01:22","date_gmt":"2025-05-26T11:01:22","guid":{"rendered":"https:\/\/orthodoxblessings.com\/shop\/briketi-rifuz\/"},"modified":"2025-12-29T15:17:40","modified_gmt":"2025-12-29T15:17:40","slug":"briketi-rinfuz","status":"publish","type":"product","link":"https:\/\/orthodoxblessings.com\/sr\/shop\/briketi-rinfuz\/","title":{"rendered":"Briketi rinfuz"},"content":{"rendered":"<p>Rinfuzno pakovanje briketa, ekonomi\u010dno i pogodno za du\u017ee kori\u0161\u0107enje u crkvenim i ku\u0107nim molitvenim prostorima.<\/p>\n","protected":false},"excerpt":{"rendered":"<p>Rinfuzno pakovanje briketa, ekonomi\u010dno i pogodno za du\u017ee kori\u0161\u0107enje u crkvenim i ku\u0107nim molitvenim prostorima.<\/p>\n","protected":false},"featured_media":3861,"template":"","meta":{"give_campaign_id":0},"product_brand":[],"product_cat":[341],"product_tag":[],"class_list":{"0":"post-4643","1":"product","2":"type-product","3":"status-publish","4":"has-post-thumbnail","6":"product_cat-briketi","8":"first","9":"instock","10":"purchasable","11":"product-type-simple"},"_links":{"self":[{"href":"https:\/\/orthodoxblessings.com\/sr\/wp-json\/wp\/v2\/product\/4643","targetHints":{"allow":["GET"]}}],"collection":[{"href":"https:\/\/orthodoxblessings.com\/sr\/wp-json\/wp\/v2\/product"}],"about":[{"href":"https:\/\/orthodoxblessings.com\/sr\/wp-json\/wp\/v2\/types\/product"}],"wp:featuredmedia":[{"embeddable":true,"href":"https:\/\/orthodoxblessings.com\/sr\/wp-json\/wp\/v2\/media\/3861"}],"wp:attachment":[{"href":"https:\/\/orthodoxblessings.com\/sr\/wp-json\/wp\/v2\/media?parent=4643"}],"wp:term":[{"taxonomy":"product_brand","embeddable":true,"href":"https:\/\/orthodoxblessings.com\/sr\/wp-json\/wp\/v2\/product_brand?post=4643"},{"taxonomy":"product_cat","embeddable":true,"href":"https:\/\/orthodoxblessings.com\/sr\/wp-json\/wp\/v2\/product_cat?post=4643"},{"taxonomy":"product_tag","embeddable":true,"href":"https:\/\/orthodoxblessings.com\/sr\/wp-json\/wp\/v2\/product_tag?post=4643"}],"curies":[{"name":"wp","href":"https:\/\/api.w.org\/{rel}","templated":true}]}}